{"id":4086,"date":"2020-12-14T19:46:01","date_gmt":"2020-12-14T18:46:01","guid":{"rendered":"http:\/\/durnezadv.be\/technologie-juridique\/"},"modified":"2022-08-24T14:54:14","modified_gmt":"2022-08-24T13:54:14","slug":"technologie-juridique","status":"publish","type":"page","link":"http:\/\/durnezadv.be\/fr\/technologie-juridique\/","title":{"rendered":"Technologie juridique"},"content":{"rendered":"\t\t<div data-elementor-type=\"wp-post\" data-elementor-id=\"4086\" class=\"elementor elementor-4086 elementor-801\">\n\t\t\t\t\t\t<div class=\"elementor-inner\">\n\t\t\t\t<div class=\"elementor-section-wrap\">\n\t\t\t\t\t\t\t\t\t<section class=\"elementor-section elementor-top-section elementor-element elementor-element-d7d8b56 elementor-section-height-min-height elementor-section-boxed elementor-section-height-default elementor-section-items-middle\" data-id=\"d7d8b56\" data-element_type=\"section\" data-settings=\"{&quot;background_background&quot;:&quot;classic&quot;}\">\n\t\t\t\t\t\t\t<div class=\"elementor-background-overlay\"><\/div>\n\t\t\t\t\t\t\t<div class=\"elementor-container elementor-column-gap-default\">\n\t\t\t\t\t\t\t<div class=\"elementor-row\">\n\t\t\t\t\t<div class=\"elementor-column elementor-col-33 elementor-top-column elementor-element elementor-element-b3d335b\" data-id=\"b3d335b\" data-element_type=\"column\">\n\t\t\t<div class=\"elementor-column-wrap\">\n\t\t\t\t\t\t\t<div class=\"elementor-widget-wrap\">\n\t\t\t\t\t\t\t\t<\/div>\n\t\t\t\t\t<\/div>\n\t\t<\/div>\n\t\t\t\t<div class=\"elementor-column elementor-col-33 elementor-top-column elementor-element elementor-element-fd69444\" data-id=\"fd69444\" data-element_type=\"column\">\n\t\t\t<div class=\"elementor-column-wrap elementor-element-populated\">\n\t\t\t\t\t\t\t<div class=\"elementor-widget-wrap\">\n\t\t\t\t\t\t<div class=\"elementor-element elementor-element-abcc2f2 elementor-widget elementor-widget-heading\" data-id=\"abcc2f2\" data-element_type=\"widget\" data-widget_type=\"heading.default\">\n\t\t\t\t<div class=\"elementor-widget-container\">\n\t\t\t<h1 class=\"elementor-heading-title elementor-size-default\">NOUS SOMMES A LA POINTE<\/h1>\t\t<\/div>\n\t\t\t\t<\/div>\n\t\t\t\t\t\t<\/div>\n\t\t\t\t\t<\/div>\n\t\t<\/div>\n\t\t\t\t<div class=\"elementor-column elementor-col-33 elementor-top-column elementor-element elementor-element-674669b\" data-id=\"674669b\" data-element_type=\"column\">\n\t\t\t<div class=\"elementor-column-wrap\">\n\t\t\t\t\t\t\t<div class=\"elementor-widget-wrap\">\n\t\t\t\t\t\t\t\t<\/div>\n\t\t\t\t\t<\/div>\n\t\t<\/div>\n\t\t\t\t\t\t\t\t<\/div>\n\t\t\t\t\t<\/div>\n\t\t<\/section>\n\t\t\t\t<section class=\"elementor-section elementor-top-section elementor-element elementor-element-5c40d7b elementor-section-boxed elementor-section-height-default elementor-section-height-default\" data-id=\"5c40d7b\" data-element_type=\"section\">\n\t\t\t\t\t\t<div class=\"elementor-container elementor-column-gap-default\">\n\t\t\t\t\t\t\t<div class=\"elementor-row\">\n\t\t\t\t\t<div class=\"elementor-column elementor-col-50 elementor-top-column elementor-element elementor-element-2ebbf9c\" data-id=\"2ebbf9c\" data-element_type=\"column\">\n\t\t\t<div class=\"elementor-column-wrap elementor-element-populated\">\n\t\t\t\t\t\t\t<div class=\"elementor-widget-wrap\">\n\t\t\t\t\t\t<div class=\"elementor-element elementor-element-fe195c7 elementor-widget elementor-widget-heading\" data-id=\"fe195c7\" data-element_type=\"widget\" data-widget_type=\"heading.default\">\n\t\t\t\t<div class=\"elementor-widget-container\">\n\t\t\t<h2 class=\"elementor-heading-title elementor-size-default\">Innovant en mati\u00e8re de technologie juridique <\/h2>\t\t<\/div>\n\t\t\t\t<\/div>\n\t\t\t\t<div class=\"elementor-element elementor-element-dc051dd elementor-widget-divider--view-line elementor-widget elementor-widget-divider\" data-id=\"dc051dd\" data-element_type=\"widget\" data-widget_type=\"divider.default\">\n\t\t\t\t<div class=\"elementor-widget-container\">\n\t\t\t\t\t<div class=\"elementor-divider\">\n\t\t\t<span class=\"elementor-divider-separator\">\n\t\t\t\t\t\t<\/span>\n\t\t<\/div>\n\t\t\t\t<\/div>\n\t\t\t\t<\/div>\n\t\t\t\t<div class=\"elementor-element elementor-element-e5f497e elementor-widget elementor-widget-text-editor\" data-id=\"e5f497e\" data-element_type=\"widget\" data-widget_type=\"text-editor.default\">\n\t\t\t\t<div class=\"elementor-widget-container\">\n\t\t\t\t\t\t\t\t<div class=\"elementor-text-editor elementor-clearfix\">\n\t\t\t\t<p>Notre cabinet rel\u00e8ve tous les d\u00e9fis Ce faisant, nous innovons constamment, bien avant nos suiveurs. Nous pouvons ainsi affirmer avec fiert\u00e9 que notre cabinet est \u00e0 la pointe des innovations en mati\u00e8re de jurisprudence et de droit et \u00e0 l\u2019avant-garde des connaissances et des applications juridiques.<\/p><p>Je pr\u00e9sente ci-dessous avec fiert\u00e9 certains des arr\u00eats publi\u00e9s obtenus.<\/p><p> <\/p><p> <\/p><p><strong>Droit administratif<\/strong><\/p><p>&#8211; Conseil d\u2019\u00c9tat (12e ch.) n\u00b0 224.309, 9 juillet 2013, CDPK 2014 (abr\u00e9g\u00e9), n\u00b0 2, 306 et 327 ; http:\/\/www.raadvst-consetat.be (6 septembre 2014) (r\u00e8glement de police &#8211; terrasses pour l\u2019horeca)<\/p><p><strong>&#8211; Cour constitutionnelle n\u00b0 22\/2015, 19 f\u00e9vrier 2015 (question pr\u00e9judicielle), http:\/\/www.const-court.be (19 f\u00e9vrier 2015) ; MB 28 avril 2015 (premi\u00e8re \u00e9dition) (extrait), 23634 et http:\/\/moniteur.be (3 mai 2015) (discrimination au sein des forces de police)<\/strong><\/p><p><strong>Droit du travail<\/strong><\/p><p>&#8211; Tribunal du Travail de Bruxelles, 28\/03\/1988, Rechtskundig Weekblad 88-89, 371 (responsabilit\u00e9 du salari\u00e9 &#8211; fourniture du travail)<\/p><p>&#8211; Cour du travail de Bruxelles, 17\/10\/00, Rechtskundig Weekblad 01-02, 127 (licenciement pour motif grave &#8211; langage sexiste)<\/p><p>&#8211; Tribunal du travail Bruxelles, 4 juin 2019, Rechtskundig Weekblad 2019-20, 68 et mentionn\u00e9 dans VAN EECKHOUTTE, W., Sociaal Compendium. Arbeidsrecht met fiscale notities, 2664-2756 (93 p.) (licenciement manifestement d\u00e9raisonnable)<\/p><p> <\/p><p><strong>Droit de la construction<\/strong><\/p><p>&#8211; Cour d\u2019arbitrage n\u00b0 117\/2004, 30\/06\/04, http:\/\/www.const-court.be (2 juillet 2004) ; A.A. 2004, n\u00b0 3, 1351 ; BS 5 octobre 2004 (extrait), 70253 et http:\/\/moniteur.be (13 octobre 2004) ; TMR 2004, n\u00b0 6, 706 et TBP 2005, n\u00b0 4-5, 209-379 (\u00c9galit\u00e9 et non-discrimination en mati\u00e8re d\u2019am\u00e9nagement du territoire &#8211; permis d\u2019environnement pour le lotissement de terrains en R\u00e9gion flamande)<\/p><p>&#8211; Conseil d\u2019\u00c9tat, 12\/02\/09, n\u00b0 190.356, jura.be et T.Gem.2010, n\u00b0 2, 112 (conditions particuli\u00e8res d\u2019exploitation &#8211; urbanisme)<\/p><p><strong>Contrats<\/strong><\/p><p>&#8211; Trib. de Hasselt, 12\/10\/2002, Revue G\u00e9n\u00e9rale de Droit Civil 2003, 638 avec note K Vanderschot &#8211; de sanctionering van ongeoorloofde schadebedingen<\/p><p>&#8211; Trib. de Louvain, 24\/02\/06, NJW n\u00b0 162, 418 (manipulation de prix &#8211; simulation)<\/p><p>&#8211; Anvers, 23\/04\/08, Rechtskundig Weekblad 10-11, 586 (bail commercial &#8211; indemnit\u00e9 d\u2019\u00e9viction)<\/p><p>&#8211; Anvers, 15\/12\/2009, Justel N-20091215- (donation d\u00e9guis\u00e9e)<\/p><p>&#8211; Tribunal de Commerce de Louvain, 04\/03\/11, Rechtskundig Weekblad 11-12, 963 (rachat en cas de non-respect des conditions contractuelles)<\/p><p>&#8211; Trib. de Bruxelles, 16\/01\/12, Rechtskundig Weekblad 14-15, 589 (honoraires d\u2019un agent immobilier &#8211; agent immobilier &#8211; rupture des n\u00e9gociations sur un compromis de vente d\u2019un bien immobilier)<\/p><p>&#8211; Trib. de Louvain, 08\/05\/13, Rechtskundig Weekblad 14-15, 71 (loyer social &#8211; obligation d\u2019occupation effective)<\/p><p><strong>Droit de l&rsquo;informatique &#8211; TIC<\/strong><\/p><p>&#8211; Tribunal de Commerce de Louvain, 01\/03\/2007, publi\u00e9 dans Computerrecht, tijdschrift voor informatica, telecommunicatie en recht, 2008, p.101 et seq.<\/p><p>&#8211; Cour constitutionnelle, 27\/01\/11, A.GrwH 2011, n\u00b0 1, 331 (droits d\u2019auteur)<\/p><p>&#8211; Anvers, 04\/06\/2015, NJW, 28\/12\/2016 (n\u00b0 353) p.918 (concurrence parasitaire \u2013 faute professionnelle &#8211; nom de domaine)<\/p><p><strong>Droit de famille<\/strong><\/p><p>&#8211; Justice de paix de Westerlo, 15\/12\/00, Rechtskundig Weekblad 01-02, 1037 (application artificielle de mesures urgentes et provisoires)<\/p><p>&#8211; Bruxelles, 26\/11\/13, Rechtskundig Weekblad 14-15, 266 et Tijdschrift voor Familierecht 2014, 225, note K Vereecke (proc\u00e9dure en r\u00e9f\u00e9r\u00e9 &#8211; administration)<\/p><p>&#8211; Rb. &#8211; Tribunal de la Famille de Louvain, 02\/10\/2019, Rechtskundig Weekblad 2020-21, 830 (contacts personnels avec les grands-parents &#8211; int\u00e9r\u00eat de l\u2019enfant)<\/p><p><strong>Droit fiscal<\/strong><\/p><p>&#8211; Cour d\u2019arbitrage, 06\/04\/00, Rechtskundig Weekblad 00-01, 472 (question pr\u00e9judicielle &#8211; droits de douane et accises &#8211; proc\u00e9dure p\u00e9nale)<\/p><p>&#8211; Cass. (2e ch.) AR P.03.0622.N, 25 mai 2004 (Pova Fuel et autres c. ministre des Finances), Arr. Cass. 2004, n\u00b0 5, 913 ; http:\/\/www.cass.be (22 juin 2004) ; Pas. 2004, n\u00b0 5-6, 906 ; T.Strafr. 2005 (abr\u00e9g\u00e9), n\u00b0 6, 440 (confiscation)<\/p><p>&#8211; Bruxelles, 17\/03\/11, FJF, 2012, 337 (transmission de l\u2019entreprise familiale au taux r\u00e9duit)<\/p><p>&#8211; Cass. (1re ch.) AR F.12.0044.N, 16 janvier 2014 (L.V. c. \u00c9tat belge), http:\/\/www.cass.be (9 f\u00e9vrier 2014), concl. THIJS, D. ; TBO 2015, n\u00b0 1, 31 (droit \u00e0 d\u00e9duction de la TVA)<\/p><p>&#8211; Rb. &#8211; Trib. de Louvain (civil) (12e ch.) n\u00b0 16\/1228\/A, 1er d\u00e9cembre 2017, FJF 2018 (r\u00e9sum\u00e9), n\u00b0 3, 103 et http:\/\/www.monkey.be\/ (20 juin 2018) ; TFR 2018 (r\u00e9sum\u00e9), n\u00b0 549-550, 969 et http:\/\/tfrnet.larcier.be\/ (30 novembre 2018), note VANDEBERGH, H. (signes et indices &#8211; donation)<\/p><p>&#8211; Bruxelles (Nl.) (civil) (6e ch.) n\u00b0 2015\/AF\/119, 18 juin 2019, FJF 2019 (r\u00e9sum\u00e9), n\u00b0 9, 323 et http:\/\/www.monkey.be\/ (9 janvier 2020) (imp\u00f4t sur le revenu des personnes physiques &#8211; arr\u00eat de travail)<\/p><p>&#8211; Bruxelles (Nl.) (civil) (6e ch.) n\u00b0 2018\/AF\/190, 3 mars 2020, Fisc. Koer. 2020 (reproduction KELL, L.), n\u00b0 8, 184 et http:\/\/www.monkey.be\/ (1er juin 2020), note KELL, L. (signes et indices &#8211; contre-preuves)<\/p><p><strong>DROIT DE L\u2019INSOLVABILIT\u00c9<\/strong><\/p><p>&#8211; Tribunal de Commerce de Gand, 10\/01\/00, Rechtskundig Weekblad 00-01, 699 (r\u00e8glement judiciaire)<\/p><p>&#8211; Bruxelles, 14\/03\/00, Rechtskundig Weekblad 00-01, 697 (faillite et excusabilit\u00e9)<\/p><p>&#8211; Bruxelles, 06\/11\/01, Rechtskundig Weekblad 03-04, 66 (r\u00e8glement judiciaire et remise de dettes)<\/p><p>&#8211; Trib. de Louvain, 13\/09\/02, Rechtskundig Weekblad 03-04, 1274 (faillite et excusabilit\u00e9)<\/p><p>&#8211; Anvers, 02\/04\/09, Rechtskundig Weekblad 10-11, 25 (faillite et excusabilit\u00e9)<\/p><p>&#8211; Cour constitutionnelle n\u00b0 22\/2019, 14 f\u00e9vrier 2019 (question pr\u00e9judicielle) http:\/\/www.const-court.be (15 f\u00e9vrier 2019) ; MB 14 octobre 2019 (premi\u00e8re \u00e9dition) (extrait), 94283 et http:\/\/moniteur.be (15 octobre 2019) ; JLMB 2019 (r\u00e9sum\u00e9), n\u00b0 19, 915 et http:\/\/jlmbi.larcier.be\/ (12 juin 2019), note F.G. ; RW 2018-19 (r\u00e9sum\u00e9), n\u00b0 29, 1160 et http:\/\/www.rw.be\/ (3 avril 2019) ; RW 2018-19 (r\u00e9sum\u00e9), n\u00b0 39, 1544 et http:\/\/www.rw.be\/ (26 juin 2019), note (faillite &#8211; tierce d\u00e9fense)<\/p><p><strong>Droit international<\/strong><\/p><p>&#8211; Tribunal de Commerce de Louvain, 11\/05\/2006, Juristenkrant 21\/06\/2006, n\u00b0 123 (publicit\u00e9 trompeuse &#8211; comp\u00e9tence internationale)<\/p><p>&#8211; Bruxelles, 26\/11\/13, Rechtskundig Weekblad 14-15, 266 et Tijdschrift voor Familierecht 2014, 225, note K Vereecke (comp\u00e9tence internationale &#8211; proc\u00e9dure en r\u00e9f\u00e9r\u00e9 &#8211; administration)<\/p><p>&#8211; Anvers 13 septembre 2018, RABG 2020, n\u00b0 11-12, 944 (comp\u00e9tence internationale &#8211; concession de vente)<\/p><p><strong>Pratiques de march\u00e9<\/strong><\/p><p>&#8211; Tribunal de Commerce de Tongres, 26\/05\/1988, Rechtskundig Weekblad 88-89, 128, et TPR, Overzicht van Rechtspraak wet op de handelspraktijken 1983-1988, 289 (copie servile d\u2019un catalogue)<\/p><p>&#8211; Tribunal de Commerce de Bruxelles, 19\/10\/1994, Annuaire des pratiques du commerce 1995, 543 (abus de position dominante)<\/p><p>&#8211; Bruxelles, 21\/06\/1995, Rechtskundig Weekblad 95-96, 853 et AJT, 95-96, 497 et Annuaire des pratiques du commerce et de la concurrence 1995\/96, 567 (abus de position dominante \u00e9conomique &#8211; refus de vente)<\/p><p>&#8211; Gand, 20\/10\/04, Rechtskundig Weekblad 07-08, 280 (offre conjointe &#8211; agent immobilier)<\/p><p>&#8211; Tribunal de Commerce de Louvain, 11\/05\/2006, Juristenkrant 21\/06\/2006, n\u00b0 123 (publicit\u00e9 trompeuse &#8211; comp\u00e9tence internationale)<\/p><p>&#8211; Anvers, 04\/06\/2015, NJW, 28\/12\/2016 (n\u00b0 353) p.918 (concurrence parasitaire \u2013 faute professionnelle &#8211; nom de domaine)<\/p><p><strong>Droit de l&rsquo;environnement<\/strong><\/p><p>&#8211; Coll\u00e8ge d\u2019application de l\u2019environnement, 20\/02\/14, MHHC 14\/15-VK<\/p><p><strong>Droit proc\u00e9dural<\/strong><\/p><p>&#8211; Cour d\u2019arbitrage n\u00b0 165\/2002, 13\/11\/02, jura.be mentionn\u00e9 dans SMETS, A., Inhoud van het eenzijdig verzoekschrift &#8211; Contributions \u00e0 l\u2019ouvrage &#8211; In : X., Bestendig Handboek Burgerlijk Procesrecht, VI.2 &#8211; 1 &#8211; VI.2 &#8211; 28 (28 p.) &#8211; octobre 2016 (droit de la saisie)<\/p><p>&#8211; Anvers, 02\/04\/09, Rechtskundig Weekblad 10-11, 25 (preuve en mati\u00e8re civile &#8211; refus de signature)<\/p><p>&#8211; Cass. (2e ch.) AR P.12.1940.N, 22 octobre 2013 (J.B. \/ S.B.), http:\/\/www.cass.be (18 novembre 2013) ; Pas. 2013, n\u00b0 10, 2001 (expert en d\u00e9termination de la valeur probante)<\/p><p>&#8211; Justice de paix de Zoutleeuw, 06\/03\/14, Rechtskundig Weekblad 14-15, 1030 (bail &#8211; cr\u00e9ance sur l\u2019administrateur &#8211; astreinte)<\/p><p>&#8211; Justice de paix de Louvain, 07\/04\/15, Rechtskundig Weekblad 15-16, 516 (route de quartier &#8211; prescription acquisitive)<\/p><p>&#8211; Vred. &#8211; Justice de paix de Westerlo 7 mars 2018, RW 2017-18, n\u00b0 40, 1592 et http:\/\/www.rw.be\/ (6 juin 2018) (absence de capacit\u00e9 \u2013 impossibilit\u00e9 de d\u00e9terminer qui sont les organes comp\u00e9tents)<\/p><p><strong>Droit p\u00e9nal<\/strong><\/p><p>&#8211; Cass.20\/10\/1992 (Nevens\/Omob), Arr. Cass 91-92, 1215, Bull.92, 1173 et Pas. 92, I, 1173 (recel)<\/p><p>&#8211; Anvers, 20\/02\/1996, Rechtskundig Weekblad 96-97, 398, avec notes de Arnou et Gelders (fouille ill\u00e9gale d\u2019un v\u00e9hicule)<\/p><p>&#8211; Cour d\u2019arbitrage, 06\/04\/00, Rechtskundig Weekblad 00-01, 472 (question pr\u00e9judicielle &#8211; droits de douane et accises &#8211; proc\u00e9dure p\u00e9nale)<\/p><p>&#8211; Cass. (2e ch.) AR P.02.0494.N, 4 f\u00e9vrier 2003 (B.E.), Arr. Cass. 2003, n\u00b0 2, 319 ; http:\/\/www.cass.be (5 mars 2003) ; Pas. 2003, n\u00b0 2, 265 (proc\u00e8s \u00e9quitable et \u00e9galit\u00e9 des armes)<\/p><p>&#8211; Cass, 26\/02\/02, Arr. Cass. 2002, n\u00b0 2, 580 ; http:\/\/www.cass.be (23 avril 2002) ; Pas. 2002, n\u00b0 2, 551 ; RW 2002-03, n\u00b0 38, 1504 et http:\/\/www.rw.be (7 juin 2003), note BACKX, B (proc\u00e8s \u00e9quitable &#8211; preuves en mati\u00e8re p\u00e9nale)<\/p><p>&#8211; Cass. (2e ch.) AR P.03.0622.N, 25 mai 2004 (Pova Fuel et autres c. ministre des Finances), Arr. Cass. 2004, n\u00b0 5, 913 ; http:\/\/www.cass.be (22 juin 2004) ; Pas. 2004, n\u00b0 5-6, 906 ; T.Strafr. 2005 (abr\u00e9g\u00e9), n\u00b0 6, 440 (confiscation)<\/p><p>&#8211; Cass. (2e ch.) AR P.06.1533.N, 13 f\u00e9vrier 2007 (A.A.S.H., M.J.A.V.L. \/ G.D.M., M.B., B.M. et autres), Arr. Cass. 2007, n\u00b0 2, 362 ; http:\/\/www.cass.be (23 mars 2007) ; Pas. 2007, n\u00b0 2, 314 ; T.Strafr. 2007, n\u00b0 5, 315, note (annulation de l\u2019arr\u00eat de la Cour d\u2019assises)<\/p><p>&#8211; Cass. (2e ch.) AR P.10.0834.N, 26 octobre 2010 (K.R.D., \u00c9tat belge \/ E.H.J.V.G., S.P. et autres), Juristenkrant 2011 (reproduction VANWALLEGHEM, P.), n\u00b0 223, 7 ; http:\/\/www.cass.be (10 novembre 2010) ; Pas. 2010, n\u00b0 10, 2801 (obligation de motiver les \u00e9coutes &#8211; \u00e9coutes irr\u00e9guli\u00e8res)<\/p><p>&#8211; Cass. (2e ch.) AR P.14.1149.N, 16 d\u00e9cembre 2014 (M.G.M.K., E.G.E.L.D., Renovama nv), http:\/\/www.cass.be (5 janvier 2015) ; NC 2015, n\u00b0 5, 447 et http:\/\/www.nullumcrimen.be\/ (16 novembre 2015) ; RW 2015-16 (r\u00e9sum\u00e9), n\u00b0 20, 783 et http:\/\/www.rw.be\/ (9 f\u00e9vrier 2016) (d\u00e9lai raisonnable &#8211; loi sur le blanchiment d\u2019argent &#8211; confiscation)<\/p><p>&#8211; Cass. &#8211; Cass. P.13.084524\/02\/15 (CG\/Ethias), Arr. Cass. 2015, n\u00b0 2, 528 ; http:\/\/www.cass.be (14 mars 2015) ; Pas. 2015, n\u00b0 2, 493 (valeur probante d\u2019un proc\u00e8s-verbal tardif)<\/p><p>&#8211; Cass. (2e ch.) AR P.14.0784.N, 23 juin 2015 (B.F.I.J. c. Lease), Arr.Cass. 2015, n\u00b0 6-8, 1708 ; http:\/\/www.cass.be (26 juillet 2015) ; Pas. 2015, n\u00b0 6-7-8, 1678 (application de la loi dans le temps)<\/p><ul><li>(2e ch.) AR P.20.1298.N, 16 f\u00e9vrier 2021 (service de nettoyage), https:\/\/juportal.be (15 mars 2021) (tachygraphe &#8211; proc\u00e9dure p\u00e9nale)<\/li><\/ul><p><strong>Droit des transports<\/strong><\/p><ul><li>Tribunal de Commerce de Hasselt, 17\/10\/1996, Rechtskundig Weekblad 96-97, 1101 (CMR &#8211; demande d\u2019indemnisation)<\/li><\/ul><p> <\/p><ul><li>(2e ch.) AR P.20.1298.N, 16 f\u00e9vrier 2021 (service de nettoyage), https:\/\/juportal.be (15 mars 2021) (tachygraphe &#8211; proc\u00e9dure p\u00e9nale)<\/li><\/ul><p><strong>Droit des soci\u00e9t\u00e9s<\/strong><\/p><p>&#8211; Tribunal de Commerce de Louvain, 22\/06\/99, TBH 2000, 654 (reprise forc\u00e9e des actions)<\/p><p><strong>Droit de la circulation<\/strong><\/p><p>&#8211; Trib. de Louvain, 16\/04\/1985, Droit de la circulation 1985, 139 (priorit\u00e9)<\/p><p>&#8211; Trib. corr. de Louvain, 22\/06\/99, Rechtskundig Weekblad 00-01, 665 avec note de F Goossens (probation dans les infractions routi\u00e8res)<\/p><p>&#8211; Cour d\u2019arbitrage, 13\/07\/01, Rechtskundig Weekblad 02-03,131 (retrait imm\u00e9diat du permis de conduire &#8211; discrimination)<\/p><p>&#8211; Trib. de Louvain, 04\/01\/02, Droit de la circulation 02, n\u00b0 3, 89 (piste cyclable d\u00e9fectueuse &#8211; responsabilit\u00e9 des pouvoirs publics)<\/p><p>&#8211; Cass.19\/03\/02, Jura.be &#8211; circulation routi\u00e8re, Arr.Cass. 2002, n\u00b0 3, 830 ; http:\/\/www.cass.be (23 avril 2002) ; Pas. 2002, n\u00b0 3, 756 ; T.Strafr. 2003, n\u00b0 1, 30 (retrait imm\u00e9diat du permis de conduire)<\/p><p>&#8211; Cass. (2e ch.) AR P.02.1583.N, 8 avril 2003 (L.P.), Arr.Cass. 2003, n\u00b0 4, 917 ; http:\/\/www.cass.be (23 mai 2003) ; Pas. 2003, n\u00b0 4, 764 ; Droit de la circulation 2003, n\u00b0 7, 253 (preuves dans les affaires p\u00e9nales &#8211; valeur probante du proc\u00e8s-verbal &#8211; pr\u00e9somption d\u2019innocence)<\/p><p>&#8211; Tribunal arbitral n\u00b0 154\/2004, 22\/09\/04, jura.be et Rechtskundig Weekblad 04-05, 936 (retrait du permis de conduire).<\/p><p>&#8211; Cass. (2e ch.) AR P.20.0528.N, 6 octobre 2020 (K M L V D B), https:\/\/juportal.be (8 octobre 2020) ; RW 2020-21 (r\u00e9sum\u00e9), n\u00b0 23, 898 et http:\/\/www.rw.be\/ (30 janvier 2021), note &#8211; ; VAV 2021, n\u00b0 1, 51 (test d\u2019alcool\u00e9mie et test de drogue &#8211; marge d\u2019erreur)<\/p><p>&#8211; Cass. (2e ch.) AR P.20.1294.N, 16 mars 2021 (D. F. C. D. K.) https:\/\/juportal.be (12 avril 2021) (d\u00e9ch\u00e9ance du droit de conduire &#8211; aggravation de la peine)<\/p><p> <\/p>\t\t\t\t\t<\/div>\n\t\t\t\t\t\t<\/div>\n\t\t\t\t<\/div>\n\t\t\t\t\t\t<\/div>\n\t\t\t\t\t<\/div>\n\t\t<\/div>\n\t\t\t\t<div class=\"elementor-column elementor-col-50 elementor-top-column elementor-element elementor-element-e5fdae0\" data-id=\"e5fdae0\" data-element_type=\"column\">\n\t\t\t<div class=\"elementor-column-wrap elementor-element-populated\">\n\t\t\t\t\t\t\t<div class=\"elementor-widget-wrap\">\n\t\t\t\t\t\t<div class=\"elementor-element elementor-element-96b5b53 elementor-widget elementor-widget-image\" data-id=\"96b5b53\" data-element_type=\"widget\" data-widget_type=\"image.default\">\n\t\t\t\t<div class=\"elementor-widget-container\">\n\t\t\t\t\t\t\t\t<div class=\"elementor-image\">\n\t\t\t\t\t\t\t\t\t\t\t\t<img width=\"800\" height=\"1200\" src=\"http:\/\/durnezadv.be\/wp-content\/uploads\/2021\/02\/Durnez-67-klein.jpg\" class=\"attachment-full size-full\" alt=\"\" loading=\"lazy\" srcset=\"http:\/\/durnezadv.be\/wp-content\/uploads\/2021\/02\/Durnez-67-klein.jpg 800w, http:\/\/durnezadv.be\/wp-content\/uploads\/2021\/02\/Durnez-67-klein-200x300.jpg 200w, http:\/\/durnezadv.be\/wp-content\/uploads\/2021\/02\/Durnez-67-klein-683x1024.jpg 683w, http:\/\/durnezadv.be\/wp-content\/uploads\/2021\/02\/Durnez-67-klein-768x1152.jpg 768w\" sizes=\"(max-width: 800px) 100vw, 800px\" \/>\t\t\t\t\t\t\t\t\t\t\t\t\t\t<\/div>\n\t\t\t\t\t\t<\/div>\n\t\t\t\t<\/div>\n\t\t\t\t\t\t<\/div>\n\t\t\t\t\t<\/div>\n\t\t<\/div>\n\t\t\t\t\t\t\t\t<\/div>\n\t\t\t\t\t<\/div>\n\t\t<\/section>\n\t\t\t\t\t\t\t\t\t<\/div>\n\t\t\t<\/div>\n\t\t\t\t\t<\/div>\n\t\t","protected":false},"excerpt":{"rendered":"<p>NOUS SOMMES A LA POINTE Innovant en mati\u00e8re de technologie juridique Notre cabinet rel\u00e8ve tous les d\u00e9fis Ce faisant, nous innovons constamment, bien avant nos suiveurs. Nous pouvons ainsi affirmer avec fiert\u00e9 que notre cabinet est \u00e0 la pointe des innovations en mati\u00e8re de jurisprudence et de droit et \u00e0 l\u2019avant-garde des connaissances et des &hellip;<\/p>\n<p class=\"read-more\"> <a class=\"\" href=\"http:\/\/durnezadv.be\/fr\/technologie-juridique\/\"> <span class=\"screen-reader-text\">Technologie juridique<\/span> Lire la suite\u00a0\u00bb<\/a><\/p>\n","protected":false},"author":3,"featured_media":0,"parent":0,"menu_order":2,"comment_status":"closed","ping_status":"closed","template":"","meta":{"site-sidebar-layout":"no-sidebar","site-content-layout":"page-builder","ast-global-header-display":"","ast-main-header-display":"","ast-hfb-above-header-display":"","ast-hfb-below-header-display":"","ast-hfb-mobile-header-display":"","site-post-title":"disabled","ast-breadcrumbs-content":"","ast-featured-img":"disabled","footer-sml-layout":"","theme-transparent-header-meta":"enabled","adv-header-id-meta":"","stick-header-meta":"","header-above-stick-meta":"","header-main-stick-meta":"","header-below-stick-meta":""},"_links":{"self":[{"href":"http:\/\/durnezadv.be\/fr\/wp-json\/wp\/v2\/pages\/4086"}],"collection":[{"href":"http:\/\/durnezadv.be\/fr\/wp-json\/wp\/v2\/pages"}],"about":[{"href":"http:\/\/durnezadv.be\/fr\/wp-json\/wp\/v2\/types\/page"}],"author":[{"embeddable":true,"href":"http:\/\/durnezadv.be\/fr\/wp-json\/wp\/v2\/users\/3"}],"replies":[{"embeddable":true,"href":"http:\/\/durnezadv.be\/fr\/wp-json\/wp\/v2\/comments?post=4086"}],"version-history":[{"count":1,"href":"http:\/\/durnezadv.be\/fr\/wp-json\/wp\/v2\/pages\/4086\/revisions"}],"predecessor-version":[{"id":4087,"href":"http:\/\/durnezadv.be\/fr\/wp-json\/wp\/v2\/pages\/4086\/revisions\/4087"}],"wp:attachment":[{"href":"http:\/\/durnezadv.be\/fr\/wp-json\/wp\/v2\/media?parent=4086"}],"curies":[{"name":"wp","href":"https:\/\/api.w.org\/{rel}","templated":true}]}}