{"id":4084,"date":"2021-09-14T17:38:58","date_gmt":"2021-09-14T16:38:58","guid":{"rendered":"http:\/\/durnezadv.be\/affaires\/droit-administratif\/"},"modified":"2022-08-24T14:30:04","modified_gmt":"2022-08-24T13:30:04","slug":"droit-administratif","status":"publish","type":"page","link":"http:\/\/durnezadv.be\/fr\/affaires\/droit-administratif\/","title":{"rendered":"Droit administratif"},"content":{"rendered":"\t\t<div data-elementor-type=\"wp-post\" data-elementor-id=\"4084\" class=\"elementor elementor-4084 elementor-3706\">\n\t\t\t\t\t\t<div class=\"elementor-inner\">\n\t\t\t\t<div class=\"elementor-section-wrap\">\n\t\t\t\t\t\t\t\t\t<section class=\"elementor-section elementor-top-section elementor-element elementor-element-d7d8b56 elementor-section-boxed elementor-section-height-default elementor-section-height-default\" data-id=\"d7d8b56\" data-element_type=\"section\" data-settings=\"{&quot;background_background&quot;:&quot;classic&quot;}\">\n\t\t\t\t\t\t\t<div class=\"elementor-background-overlay\"><\/div>\n\t\t\t\t\t\t\t<div class=\"elementor-container elementor-column-gap-default\">\n\t\t\t\t\t\t\t<div class=\"elementor-row\">\n\t\t\t\t\t<div class=\"elementor-column elementor-col-33 elementor-top-column elementor-element elementor-element-b3d335b\" data-id=\"b3d335b\" data-element_type=\"column\">\n\t\t\t<div class=\"elementor-column-wrap\">\n\t\t\t\t\t\t\t<div class=\"elementor-widget-wrap\">\n\t\t\t\t\t\t\t\t<\/div>\n\t\t\t\t\t<\/div>\n\t\t<\/div>\n\t\t\t\t<div class=\"elementor-column elementor-col-33 elementor-top-column elementor-element elementor-element-fd69444\" data-id=\"fd69444\" data-element_type=\"column\">\n\t\t\t<div class=\"elementor-column-wrap elementor-element-populated\">\n\t\t\t\t\t\t\t<div class=\"elementor-widget-wrap\">\n\t\t\t\t\t\t<div class=\"elementor-element elementor-element-abcc2f2 elementor-widget elementor-widget-heading\" data-id=\"abcc2f2\" data-element_type=\"widget\" data-widget_type=\"heading.default\">\n\t\t\t\t<div class=\"elementor-widget-container\">\n\t\t\t<h1 class=\"elementor-heading-title elementor-size-default\">Chez soi dans notre m\u00e9tier<\/h1>\t\t<\/div>\n\t\t\t\t<\/div>\n\t\t\t\t\t\t<\/div>\n\t\t\t\t\t<\/div>\n\t\t<\/div>\n\t\t\t\t<div class=\"elementor-column elementor-col-33 elementor-top-column elementor-element elementor-element-674669b\" data-id=\"674669b\" data-element_type=\"column\">\n\t\t\t<div class=\"elementor-column-wrap\">\n\t\t\t\t\t\t\t<div class=\"elementor-widget-wrap\">\n\t\t\t\t\t\t\t\t<\/div>\n\t\t\t\t\t<\/div>\n\t\t<\/div>\n\t\t\t\t\t\t\t\t<\/div>\n\t\t\t\t\t<\/div>\n\t\t<\/section>\n\t\t\t\t<section class=\"elementor-section elementor-top-section elementor-element elementor-element-145056e elementor-section-boxed elementor-section-height-default elementor-section-height-default\" data-id=\"145056e\" data-element_type=\"section\">\n\t\t\t\t\t\t<div class=\"elementor-container elementor-column-gap-default\">\n\t\t\t\t\t\t\t<div class=\"elementor-row\">\n\t\t\t\t\t<div class=\"elementor-column elementor-col-100 elementor-top-column elementor-element elementor-element-7670c96\" data-id=\"7670c96\" data-element_type=\"column\">\n\t\t\t<div class=\"elementor-column-wrap elementor-element-populated\">\n\t\t\t\t\t\t\t<div class=\"elementor-widget-wrap\">\n\t\t\t\t\t\t<div class=\"elementor-element elementor-element-99240ff elementor-widget elementor-widget-heading\" data-id=\"99240ff\" data-element_type=\"widget\" data-widget_type=\"heading.default\">\n\t\t\t\t<div class=\"elementor-widget-container\">\n\t\t\t<h3 class=\"elementor-heading-title elementor-size-default\">Droit administratif<\/h3>\t\t<\/div>\n\t\t\t\t<\/div>\n\t\t\t\t<div class=\"elementor-element elementor-element-6416d91 elementor-widget-divider--view-line elementor-widget elementor-widget-divider\" data-id=\"6416d91\" data-element_type=\"widget\" data-widget_type=\"divider.default\">\n\t\t\t\t<div class=\"elementor-widget-container\">\n\t\t\t\t\t<div class=\"elementor-divider\">\n\t\t\t<span class=\"elementor-divider-separator\">\n\t\t\t\t\t\t<\/span>\n\t\t<\/div>\n\t\t\t\t<\/div>\n\t\t\t\t<\/div>\n\t\t\t\t<div class=\"elementor-element elementor-element-fa1a620 elementor-widget elementor-widget-text-editor\" data-id=\"fa1a620\" data-element_type=\"widget\" data-widget_type=\"text-editor.default\">\n\t\t\t\t<div class=\"elementor-widget-container\">\n\t\t\t\t\t\t\t\t<div class=\"elementor-text-editor elementor-clearfix\">\n\t\t\t\t<p>Le cabinet d\u2019avocats Durnez peut se pr\u00e9valoir d\u2019une connaissance approfondie et d\u2019une exp\u00e9rience pratique du suivi et du traitement de divers aspects du droit administratif, notamment :<\/p><ul><li>Permis d\u2019environnement (permis de construire)<\/li><li>Aspects environnementaux<\/li><li>Concessions de services publics<\/li><li>March\u00e9s publics<\/li><li>Droit disciplinaire pour le personnel des services publics<\/li><li>Expropriations<\/li><li>\u2026\u2026.<\/li><\/ul><p>Nous avons publi\u00e9 de la jurisprudence dans ce domaine, o\u00f9 nous avons obtenu des r\u00e9sultats positifs pour nos clients devant les plus hautes juridictions.<\/p><ul><li>Conseil d\u2019\u00c9tat (12e ch.) n\u00b0 224.309, 9 juillet 2013, CDPK 2014 (abr\u00e9g\u00e9), n\u00b0 2, 306 et 327 ; http:\/\/www.raadvst-consetat.be (6 septembre 2014) (r\u00e8glement de police &#8211; terrasses pour l\u2019horeca)<\/li><li>Cour constitutionnelle n\u00b0 22\/2015, 19 f\u00e9vrier 2015 (question pr\u00e9judicielle), http:\/\/www.const-court.be (19 f\u00e9vrier 2015) ; BS 28 avril 2015 (premi\u00e8re \u00e9dition) (extrait), 23634 et http:\/\/moniteur.be (3 mai 2015) (discrimination au sein des forces de police)<\/li><li>Cour d\u2019arbitrage n\u00b0 117\/2004, 30\/06\/04, http:\/\/www.const-court.be (2 juillet 2004) ; A.A. 2004, n\u00b0 3, 1351 ; MB 5 octobre 2004 (extrait), 70253 et http:\/\/moniteur.be (13 octobre 2004) ; TMR 2004, n\u00b0 6, 706 et TBP 2005, n\u00b0 4-5, 209-379 (\u00c9galit\u00e9 et non-discrimination en mati\u00e8re d\u2019am\u00e9nagement du territoire &#8211; permis d\u2019environnement pour le lotissement de terrains en R\u00e9gion flamande)<\/li><li>Coll\u00e8ge d\u2019application de l\u2019environnement, 20\/02\/14, MHHC 14\/15-VK<\/li><li>Justice de paix de Louvain, 07\/04\/15, Rechtskundig Weekblad 15-16, 516 (route de quartier &#8211; prescription acquisitive)<\/li><li><p>Conseil d\u2019\u00c9tat (14e ch.) n\u00b0 225.468, 13 novembre 2013, CDPK 2014 (r\u00e9sum\u00e9), n\u00b0 3, 540 ; http:\/\/www.raadvst-consetat.be (24 juin 2014) ; TBP 2014, n\u00b0 6, 402 (pratique sportive m\u00e9dicalement responsable &#8211; dopage &#8211; discipline)<\/p><\/li><\/ul>\t\t\t\t\t<\/div>\n\t\t\t\t\t\t<\/div>\n\t\t\t\t<\/div>\n\t\t\t\t\t\t<\/div>\n\t\t\t\t\t<\/div>\n\t\t<\/div>\n\t\t\t\t\t\t\t\t<\/div>\n\t\t\t\t\t<\/div>\n\t\t<\/section>\n\t\t\t\t\t\t\t\t\t<\/div>\n\t\t\t<\/div>\n\t\t\t\t\t<\/div>\n\t\t","protected":false},"excerpt":{"rendered":"<p>Chez soi dans notre m\u00e9tier Droit administratif Le cabinet d\u2019avocats Durnez peut se pr\u00e9valoir d\u2019une connaissance approfondie et d\u2019une exp\u00e9rience pratique du suivi et du traitement de divers aspects du droit administratif, notamment : Permis d\u2019environnement (permis de construire) Aspects environnementaux Concessions de services publics March\u00e9s publics Droit disciplinaire pour le personnel des services publics &hellip;<\/p>\n<p class=\"read-more\"> <a class=\"\" href=\"http:\/\/durnezadv.be\/fr\/affaires\/droit-administratif\/\"> <span class=\"screen-reader-text\">Droit administratif<\/span> Lire la suite\u00a0\u00bb<\/a><\/p>\n","protected":false},"author":4,"featured_media":0,"parent":4013,"menu_order":0,"comment_status":"closed","ping_status":"closed","template":"","meta":{"site-sidebar-layout":"no-sidebar","site-content-layout":"page-builder","ast-global-header-display":"","ast-main-header-display":"","ast-hfb-above-header-display":"","ast-hfb-below-header-display":"","ast-hfb-mobile-header-display":"","site-post-title":"disabled","ast-breadcrumbs-content":"","ast-featured-img":"disabled","footer-sml-layout":"","theme-transparent-header-meta":"enabled","adv-header-id-meta":"","stick-header-meta":"","header-above-stick-meta":"","header-main-stick-meta":"","header-below-stick-meta":""},"_links":{"self":[{"href":"http:\/\/durnezadv.be\/fr\/wp-json\/wp\/v2\/pages\/4084"}],"collection":[{"href":"http:\/\/durnezadv.be\/fr\/wp-json\/wp\/v2\/pages"}],"about":[{"href":"http:\/\/durnezadv.be\/fr\/wp-json\/wp\/v2\/types\/page"}],"author":[{"embeddable":true,"href":"http:\/\/durnezadv.be\/fr\/wp-json\/wp\/v2\/users\/4"}],"replies":[{"embeddable":true,"href":"http:\/\/durnezadv.be\/fr\/wp-json\/wp\/v2\/comments?post=4084"}],"version-history":[{"count":1,"href":"http:\/\/durnezadv.be\/fr\/wp-json\/wp\/v2\/pages\/4084\/revisions"}],"predecessor-version":[{"id":4085,"href":"http:\/\/durnezadv.be\/fr\/wp-json\/wp\/v2\/pages\/4084\/revisions\/4085"}],"up":[{"embeddable":true,"href":"http:\/\/durnezadv.be\/fr\/wp-json\/wp\/v2\/pages\/4013"}],"wp:attachment":[{"href":"http:\/\/durnezadv.be\/fr\/wp-json\/wp\/v2\/media?parent=4084"}],"curies":[{"name":"wp","href":"https:\/\/api.w.org\/{rel}","templated":true}]}}