{"id":4082,"date":"2021-09-14T17:36:52","date_gmt":"2021-09-14T16:36:52","guid":{"rendered":"http:\/\/durnezadv.be\/affaires\/droit-international\/"},"modified":"2022-08-24T14:24:22","modified_gmt":"2022-08-24T13:24:22","slug":"droit-international","status":"publish","type":"page","link":"http:\/\/durnezadv.be\/fr\/affaires\/droit-international\/","title":{"rendered":"Droit international"},"content":{"rendered":"\t\t<div data-elementor-type=\"wp-post\" data-elementor-id=\"4082\" class=\"elementor elementor-4082 elementor-3701\">\n\t\t\t\t\t\t<div class=\"elementor-inner\">\n\t\t\t\t<div class=\"elementor-section-wrap\">\n\t\t\t\t\t\t\t\t\t<section class=\"elementor-section elementor-top-section elementor-element elementor-element-d7d8b56 elementor-section-boxed elementor-section-height-default elementor-section-height-default\" data-id=\"d7d8b56\" data-element_type=\"section\" data-settings=\"{&quot;background_background&quot;:&quot;classic&quot;}\">\n\t\t\t\t\t\t\t<div class=\"elementor-background-overlay\"><\/div>\n\t\t\t\t\t\t\t<div class=\"elementor-container elementor-column-gap-default\">\n\t\t\t\t\t\t\t<div class=\"elementor-row\">\n\t\t\t\t\t<div class=\"elementor-column elementor-col-33 elementor-top-column elementor-element elementor-element-b3d335b\" data-id=\"b3d335b\" data-element_type=\"column\">\n\t\t\t<div class=\"elementor-column-wrap\">\n\t\t\t\t\t\t\t<div class=\"elementor-widget-wrap\">\n\t\t\t\t\t\t\t\t<\/div>\n\t\t\t\t\t<\/div>\n\t\t<\/div>\n\t\t\t\t<div class=\"elementor-column elementor-col-33 elementor-top-column elementor-element elementor-element-fd69444\" data-id=\"fd69444\" data-element_type=\"column\">\n\t\t\t<div class=\"elementor-column-wrap elementor-element-populated\">\n\t\t\t\t\t\t\t<div class=\"elementor-widget-wrap\">\n\t\t\t\t\t\t<div class=\"elementor-element elementor-element-abcc2f2 elementor-widget elementor-widget-heading\" data-id=\"abcc2f2\" data-element_type=\"widget\" data-widget_type=\"heading.default\">\n\t\t\t\t<div class=\"elementor-widget-container\">\n\t\t\t<h1 class=\"elementor-heading-title elementor-size-default\">Chez soi dans notre m\u00e9tier<\/h1>\t\t<\/div>\n\t\t\t\t<\/div>\n\t\t\t\t\t\t<\/div>\n\t\t\t\t\t<\/div>\n\t\t<\/div>\n\t\t\t\t<div class=\"elementor-column elementor-col-33 elementor-top-column elementor-element elementor-element-674669b\" data-id=\"674669b\" data-element_type=\"column\">\n\t\t\t<div class=\"elementor-column-wrap\">\n\t\t\t\t\t\t\t<div class=\"elementor-widget-wrap\">\n\t\t\t\t\t\t\t\t<\/div>\n\t\t\t\t\t<\/div>\n\t\t<\/div>\n\t\t\t\t\t\t\t\t<\/div>\n\t\t\t\t\t<\/div>\n\t\t<\/section>\n\t\t\t\t<section class=\"elementor-section elementor-top-section elementor-element elementor-element-145056e elementor-section-boxed elementor-section-height-default elementor-section-height-default\" data-id=\"145056e\" data-element_type=\"section\">\n\t\t\t\t\t\t<div class=\"elementor-container elementor-column-gap-default\">\n\t\t\t\t\t\t\t<div class=\"elementor-row\">\n\t\t\t\t\t<div class=\"elementor-column elementor-col-100 elementor-top-column elementor-element elementor-element-7670c96\" data-id=\"7670c96\" data-element_type=\"column\">\n\t\t\t<div class=\"elementor-column-wrap elementor-element-populated\">\n\t\t\t\t\t\t\t<div class=\"elementor-widget-wrap\">\n\t\t\t\t\t\t<div class=\"elementor-element elementor-element-99240ff elementor-widget elementor-widget-heading\" data-id=\"99240ff\" data-element_type=\"widget\" data-widget_type=\"heading.default\">\n\t\t\t\t<div class=\"elementor-widget-container\">\n\t\t\t<h3 class=\"elementor-heading-title elementor-size-default\">Droit international et droit priv\u00e9 international<\/h3>\t\t<\/div>\n\t\t\t\t<\/div>\n\t\t\t\t<div class=\"elementor-element elementor-element-6416d91 elementor-widget-divider--view-line elementor-widget elementor-widget-divider\" data-id=\"6416d91\" data-element_type=\"widget\" data-widget_type=\"divider.default\">\n\t\t\t\t<div class=\"elementor-widget-container\">\n\t\t\t\t\t<div class=\"elementor-divider\">\n\t\t\t<span class=\"elementor-divider-separator\">\n\t\t\t\t\t\t<\/span>\n\t\t<\/div>\n\t\t\t\t<\/div>\n\t\t\t\t<\/div>\n\t\t\t\t<div class=\"elementor-element elementor-element-fa1a620 elementor-widget elementor-widget-text-editor\" data-id=\"fa1a620\" data-element_type=\"widget\" data-widget_type=\"text-editor.default\">\n\t\t\t\t<div class=\"elementor-widget-container\">\n\t\t\t\t\t\t\t\t<div class=\"elementor-text-editor elementor-clearfix\">\n\t\t\t\t<p>Le cabinet d\u2019avocats Durnez peut se pr\u00e9valoir d\u2019une connaissance approfondie et d\u2019une exp\u00e9rience pratique du suivi et du traitement des diff\u00e9rents aspects du droit international :<\/p><p> <\/p><ul><li>Assistance et d\u00e9fense des \u00e9trangers devant les tribunaux belges, en tenant compte de tout droit \u00e9tranger ou international applicable<\/li><li>Assistance et d\u00e9fense des int\u00e9r\u00eats des Belges devant les juridictions \u00e9trang\u00e8res<\/li><li>\u2026<\/li><\/ul><p>\u00c0 ce titre, notre cabinet a \u00e9t\u00e9 mentionn\u00e9 \u00e0 plusieurs reprises dans la litt\u00e9rature professionnelle juridique.<\/p><ul><li>Tribunal de Commerce de Louvain, 11\/05\/2006, Juristenkrant 21\/06\/2006, n\u00b0 123 (publicit\u00e9 trompeuse &#8211; comp\u00e9tence internationale)<\/li><li>Bruxelles, 26\/11\/13, Rechtskundig Weekblad 14-15, 266 et Tijdschrift voor Familierecht 2014, 225, note K Vereecke (comp\u00e9tence internationale &#8211; proc\u00e9dure en r\u00e9f\u00e9r\u00e9 &#8211; administration)<\/li><li>Anvers 13 septembre 2018, RABG 2020, n\u00b0 11-12, 944 (comp\u00e9tence internationale &#8211; concession de vente)<\/li><\/ul>\t\t\t\t\t<\/div>\n\t\t\t\t\t\t<\/div>\n\t\t\t\t<\/div>\n\t\t\t\t\t\t<\/div>\n\t\t\t\t\t<\/div>\n\t\t<\/div>\n\t\t\t\t\t\t\t\t<\/div>\n\t\t\t\t\t<\/div>\n\t\t<\/section>\n\t\t\t\t\t\t\t\t\t<\/div>\n\t\t\t<\/div>\n\t\t\t\t\t<\/div>\n\t\t","protected":false},"excerpt":{"rendered":"<p>Chez soi dans notre m\u00e9tier Droit international et droit priv\u00e9 international Le cabinet d\u2019avocats Durnez peut se pr\u00e9valoir d\u2019une connaissance approfondie et d\u2019une exp\u00e9rience pratique du suivi et du traitement des diff\u00e9rents aspects du droit international : Assistance et d\u00e9fense des \u00e9trangers devant les tribunaux belges, en tenant compte de tout droit \u00e9tranger ou international &hellip;<\/p>\n<p class=\"read-more\"> <a class=\"\" href=\"http:\/\/durnezadv.be\/fr\/affaires\/droit-international\/\"> <span class=\"screen-reader-text\">Droit international<\/span> Lire la suite\u00a0\u00bb<\/a><\/p>\n","protected":false},"author":4,"featured_media":0,"parent":4013,"menu_order":0,"comment_status":"closed","ping_status":"closed","template":"","meta":{"site-sidebar-layout":"no-sidebar","site-content-layout":"page-builder","ast-global-header-display":"","ast-main-header-display":"","ast-hfb-above-header-display":"","ast-hfb-below-header-display":"","ast-hfb-mobile-header-display":"","site-post-title":"disabled","ast-breadcrumbs-content":"","ast-featured-img":"disabled","footer-sml-layout":"","theme-transparent-header-meta":"enabled","adv-header-id-meta":"","stick-header-meta":"","header-above-stick-meta":"","header-main-stick-meta":"","header-below-stick-meta":""},"_links":{"self":[{"href":"http:\/\/durnezadv.be\/fr\/wp-json\/wp\/v2\/pages\/4082"}],"collection":[{"href":"http:\/\/durnezadv.be\/fr\/wp-json\/wp\/v2\/pages"}],"about":[{"href":"http:\/\/durnezadv.be\/fr\/wp-json\/wp\/v2\/types\/page"}],"author":[{"embeddable":true,"href":"http:\/\/durnezadv.be\/fr\/wp-json\/wp\/v2\/users\/4"}],"replies":[{"embeddable":true,"href":"http:\/\/durnezadv.be\/fr\/wp-json\/wp\/v2\/comments?post=4082"}],"version-history":[{"count":1,"href":"http:\/\/durnezadv.be\/fr\/wp-json\/wp\/v2\/pages\/4082\/revisions"}],"predecessor-version":[{"id":4083,"href":"http:\/\/durnezadv.be\/fr\/wp-json\/wp\/v2\/pages\/4082\/revisions\/4083"}],"up":[{"embeddable":true,"href":"http:\/\/durnezadv.be\/fr\/wp-json\/wp\/v2\/pages\/4013"}],"wp:attachment":[{"href":"http:\/\/durnezadv.be\/fr\/wp-json\/wp\/v2\/media?parent=4082"}],"curies":[{"name":"wp","href":"https:\/\/api.w.org\/{rel}","templated":true}]}}