{"id":4076,"date":"2021-09-14T17:29:22","date_gmt":"2021-09-14T16:29:22","guid":{"rendered":"http:\/\/durnezadv.be\/affaires\/droit-fiscal\/"},"modified":"2022-08-24T13:49:40","modified_gmt":"2022-08-24T12:49:40","slug":"droit-fiscal","status":"publish","type":"page","link":"http:\/\/durnezadv.be\/fr\/affaires\/droit-fiscal\/","title":{"rendered":"Droit fiscal"},"content":{"rendered":"\t\t<div data-elementor-type=\"wp-post\" data-elementor-id=\"4076\" class=\"elementor elementor-4076 elementor-3683\">\n\t\t\t\t\t\t<div class=\"elementor-inner\">\n\t\t\t\t<div class=\"elementor-section-wrap\">\n\t\t\t\t\t\t\t\t\t<section class=\"elementor-section elementor-top-section elementor-element elementor-element-d7d8b56 elementor-section-boxed elementor-section-height-default elementor-section-height-default\" data-id=\"d7d8b56\" data-element_type=\"section\" data-settings=\"{&quot;background_background&quot;:&quot;classic&quot;}\">\n\t\t\t\t\t\t\t<div class=\"elementor-background-overlay\"><\/div>\n\t\t\t\t\t\t\t<div class=\"elementor-container elementor-column-gap-default\">\n\t\t\t\t\t\t\t<div class=\"elementor-row\">\n\t\t\t\t\t<div class=\"elementor-column elementor-col-33 elementor-top-column elementor-element elementor-element-b3d335b\" data-id=\"b3d335b\" data-element_type=\"column\">\n\t\t\t<div class=\"elementor-column-wrap\">\n\t\t\t\t\t\t\t<div class=\"elementor-widget-wrap\">\n\t\t\t\t\t\t\t\t<\/div>\n\t\t\t\t\t<\/div>\n\t\t<\/div>\n\t\t\t\t<div class=\"elementor-column elementor-col-33 elementor-top-column elementor-element elementor-element-fd69444\" data-id=\"fd69444\" data-element_type=\"column\">\n\t\t\t<div class=\"elementor-column-wrap elementor-element-populated\">\n\t\t\t\t\t\t\t<div class=\"elementor-widget-wrap\">\n\t\t\t\t\t\t<div class=\"elementor-element elementor-element-abcc2f2 elementor-widget elementor-widget-heading\" data-id=\"abcc2f2\" data-element_type=\"widget\" data-widget_type=\"heading.default\">\n\t\t\t\t<div class=\"elementor-widget-container\">\n\t\t\t<h1 class=\"elementor-heading-title elementor-size-default\">Chez soi dans notre m\u00e9tier<\/h1>\t\t<\/div>\n\t\t\t\t<\/div>\n\t\t\t\t\t\t<\/div>\n\t\t\t\t\t<\/div>\n\t\t<\/div>\n\t\t\t\t<div class=\"elementor-column elementor-col-33 elementor-top-column elementor-element elementor-element-674669b\" data-id=\"674669b\" data-element_type=\"column\">\n\t\t\t<div class=\"elementor-column-wrap\">\n\t\t\t\t\t\t\t<div class=\"elementor-widget-wrap\">\n\t\t\t\t\t\t\t\t<\/div>\n\t\t\t\t\t<\/div>\n\t\t<\/div>\n\t\t\t\t\t\t\t\t<\/div>\n\t\t\t\t\t<\/div>\n\t\t<\/section>\n\t\t\t\t<section class=\"elementor-section elementor-top-section elementor-element elementor-element-145056e elementor-section-boxed elementor-section-height-default elementor-section-height-default\" data-id=\"145056e\" data-element_type=\"section\">\n\t\t\t\t\t\t<div class=\"elementor-container elementor-column-gap-default\">\n\t\t\t\t\t\t\t<div class=\"elementor-row\">\n\t\t\t\t\t<div class=\"elementor-column elementor-col-100 elementor-top-column elementor-element elementor-element-7670c96\" data-id=\"7670c96\" data-element_type=\"column\">\n\t\t\t<div class=\"elementor-column-wrap elementor-element-populated\">\n\t\t\t\t\t\t\t<div class=\"elementor-widget-wrap\">\n\t\t\t\t\t\t<div class=\"elementor-element elementor-element-99240ff elementor-widget elementor-widget-heading\" data-id=\"99240ff\" data-element_type=\"widget\" data-widget_type=\"heading.default\">\n\t\t\t\t<div class=\"elementor-widget-container\">\n\t\t\t<h3 class=\"elementor-heading-title elementor-size-default\">Droit fiscal<\/h3>\t\t<\/div>\n\t\t\t\t<\/div>\n\t\t\t\t<div class=\"elementor-element elementor-element-6416d91 elementor-widget-divider--view-line elementor-widget elementor-widget-divider\" data-id=\"6416d91\" data-element_type=\"widget\" data-widget_type=\"divider.default\">\n\t\t\t\t<div class=\"elementor-widget-container\">\n\t\t\t\t\t<div class=\"elementor-divider\">\n\t\t\t<span class=\"elementor-divider-separator\">\n\t\t\t\t\t\t<\/span>\n\t\t<\/div>\n\t\t\t\t<\/div>\n\t\t\t\t<\/div>\n\t\t\t\t<div class=\"elementor-element elementor-element-fa1a620 elementor-widget elementor-widget-text-editor\" data-id=\"fa1a620\" data-element_type=\"widget\" data-widget_type=\"text-editor.default\">\n\t\t\t\t<div class=\"elementor-widget-container\">\n\t\t\t\t\t\t\t\t<div class=\"elementor-text-editor elementor-clearfix\">\n\t\t\t\t<p>Le cabinet d\u2019avocats Durnez peut se pr\u00e9valoir d\u2019une connaissance approfondie et d\u2019une exp\u00e9rience pratique du suivi et du traitement des diff\u00e9rents aspects du droit fiscal<\/p><ul><li>Traitement des recours et n\u00e9gociations dans le domaine fiscal (imp\u00f4ts directs, TVA, douanes et accises, etc.)<\/li><li>D\u00e9p\u00f4t et traitement des recours fiscaux (imp\u00f4ts directs, TVA, etc.)<\/li><li>Conduite des proc\u00e9dures d\u2019opposition aux titres ex\u00e9cutoires<\/li><li>Lutte contre le blanchiment d\u2019argent<\/li><li>\u2026.<\/li><\/ul><p>Jurisprudence publi\u00e9e :<\/p><ul><li>Cour d\u2019arbitrage, 06\/04\/00, Rechtskundig Weekblad 00-01, 472 (question pr\u00e9judicielle &#8211; droits de douane et accises &#8211; proc\u00e9dure p\u00e9nale)<\/li><li>Cass. (2e ch.) AR P.03.0622.N, 25 mai 2004 (Pova Fuel et autres c. ministre des Finances), Arr. Cass. 2004, n\u00b0 5, 913 ; http:\/\/www.cass.be (22 juin 2004) ; Pas. 2004, n\u00b0 5-6, 906 ; T.Strafr. 2005 (abr\u00e9g\u00e9), n\u00b0 6, 440 (confiscation)<\/li><li>Bruxelles, 17\/03\/11, FJF, 2012, 337 (transmission de l\u2019entreprise familiale au taux r\u00e9duit)<\/li><li>Cass. (1re ch.) AR F.12.0044.N, 16 janvier 2014 (L.V. c. \u00c9tat belge), http:\/\/www.cass.be (9 f\u00e9vrier 2014), concl. THIJS, D. ; TBO 2015, n\u00b0 1, 31 (droit \u00e0 d\u00e9duction de la TVA)<\/li><li>Rb. Trib. de Louvain (civil) (12e ch.) n\u00b0 16\/1228\/A, 1er d\u00e9cembre 2017, FJF 2018 (r\u00e9sum\u00e9), n\u00b0 3, 103 et http:\/\/www.monkey.be\/ (20 juin 2018) ; TFR 2018 (r\u00e9sum\u00e9), n\u00b0 549-550, 969 et http:\/\/tfrnet.larcier.be\/ (30 novembre 2018), note VANDEBERGH, H. (signes et indices &#8211; donation)<\/li><li>Bruxelles (Nl.) (civil) (6e ch.) n\u00b0 2015\/AF\/119, 18 juin 2019, FJF 2019 (r\u00e9sum\u00e9), n\u00b0 9, 323 et http:\/\/www.monkey.be\/ (9 janvier 2020) (imp\u00f4t sur le revenu des personnes physiques &#8211; arr\u00eat de travail)<\/li><li>Bruxelles (Nl.) (civil) (6e ch.) n\u00b0 2018\/AF\/190, 3 mars 2020, Fisc. Koer. 2020 (reproduction KELL, L.), n\u00b0 8, 184 et http:\/\/www.monkey.be\/ (1er juin 2020), note KELL, L. (signes et indices &#8211; contre-preuves)<\/li><li><p>\u2022 Anvers, 7 d\u00e9cembre 1999, A.J.T. 1999-00, 840, note HUYSMAN, S. De vaststelling van de belastbare grondslag: wettelijke vermoedens versus feitelijke vermoedens, A.J.T. 1999-00, 841-843<\/p><\/li><\/ul>\t\t\t\t\t<\/div>\n\t\t\t\t\t\t<\/div>\n\t\t\t\t<\/div>\n\t\t\t\t\t\t<\/div>\n\t\t\t\t\t<\/div>\n\t\t<\/div>\n\t\t\t\t\t\t\t\t<\/div>\n\t\t\t\t\t<\/div>\n\t\t<\/section>\n\t\t\t\t\t\t\t\t\t<\/div>\n\t\t\t<\/div>\n\t\t\t\t\t<\/div>\n\t\t","protected":false},"excerpt":{"rendered":"<p>Chez soi dans notre m\u00e9tier Droit fiscal Le cabinet d\u2019avocats Durnez peut se pr\u00e9valoir d\u2019une connaissance approfondie et d\u2019une exp\u00e9rience pratique du suivi et du traitement des diff\u00e9rents aspects du droit fiscal Traitement des recours et n\u00e9gociations dans le domaine fiscal (imp\u00f4ts directs, TVA, douanes et accises, etc.) D\u00e9p\u00f4t et traitement des recours fiscaux (imp\u00f4ts &hellip;<\/p>\n<p class=\"read-more\"> <a class=\"\" href=\"http:\/\/durnezadv.be\/fr\/affaires\/droit-fiscal\/\"> <span class=\"screen-reader-text\">Droit fiscal<\/span> Lire la suite\u00a0\u00bb<\/a><\/p>\n","protected":false},"author":4,"featured_media":0,"parent":4013,"menu_order":0,"comment_status":"closed","ping_status":"closed","template":"","meta":{"site-sidebar-layout":"no-sidebar","site-content-layout":"page-builder","ast-global-header-display":"","ast-main-header-display":"","ast-hfb-above-header-display":"","ast-hfb-below-header-display":"","ast-hfb-mobile-header-display":"","site-post-title":"disabled","ast-breadcrumbs-content":"","ast-featured-img":"disabled","footer-sml-layout":"","theme-transparent-header-meta":"enabled","adv-header-id-meta":"","stick-header-meta":"","header-above-stick-meta":"","header-main-stick-meta":"","header-below-stick-meta":""},"_links":{"self":[{"href":"http:\/\/durnezadv.be\/fr\/wp-json\/wp\/v2\/pages\/4076"}],"collection":[{"href":"http:\/\/durnezadv.be\/fr\/wp-json\/wp\/v2\/pages"}],"about":[{"href":"http:\/\/durnezadv.be\/fr\/wp-json\/wp\/v2\/types\/page"}],"author":[{"embeddable":true,"href":"http:\/\/durnezadv.be\/fr\/wp-json\/wp\/v2\/users\/4"}],"replies":[{"embeddable":true,"href":"http:\/\/durnezadv.be\/fr\/wp-json\/wp\/v2\/comments?post=4076"}],"version-history":[{"count":1,"href":"http:\/\/durnezadv.be\/fr\/wp-json\/wp\/v2\/pages\/4076\/revisions"}],"predecessor-version":[{"id":4077,"href":"http:\/\/durnezadv.be\/fr\/wp-json\/wp\/v2\/pages\/4076\/revisions\/4077"}],"up":[{"embeddable":true,"href":"http:\/\/durnezadv.be\/fr\/wp-json\/wp\/v2\/pages\/4013"}],"wp:attachment":[{"href":"http:\/\/durnezadv.be\/fr\/wp-json\/wp\/v2\/media?parent=4076"}],"curies":[{"name":"wp","href":"https:\/\/api.w.org\/{rel}","templated":true}]}}