{"id":4074,"date":"2021-09-14T17:27:18","date_gmt":"2021-09-14T16:27:18","guid":{"rendered":"http:\/\/durnezadv.be\/affaires\/droits-de-la-concurrence-et-des-marques\/"},"modified":"2022-08-24T13:45:11","modified_gmt":"2022-08-24T12:45:11","slug":"droits-de-la-concurrence-et-des-marques","status":"publish","type":"page","link":"http:\/\/durnezadv.be\/fr\/affaires\/droits-de-la-concurrence-et-des-marques\/","title":{"rendered":"Droits de la concurrence et des marques"},"content":{"rendered":"\t\t<div data-elementor-type=\"wp-post\" data-elementor-id=\"4074\" class=\"elementor elementor-4074 elementor-3675\">\n\t\t\t\t\t\t<div class=\"elementor-inner\">\n\t\t\t\t<div class=\"elementor-section-wrap\">\n\t\t\t\t\t\t\t\t\t<section class=\"elementor-section elementor-top-section elementor-element elementor-element-d7d8b56 elementor-section-boxed elementor-section-height-default elementor-section-height-default\" data-id=\"d7d8b56\" data-element_type=\"section\" data-settings=\"{&quot;background_background&quot;:&quot;classic&quot;}\">\n\t\t\t\t\t\t\t<div class=\"elementor-background-overlay\"><\/div>\n\t\t\t\t\t\t\t<div class=\"elementor-container elementor-column-gap-default\">\n\t\t\t\t\t\t\t<div class=\"elementor-row\">\n\t\t\t\t\t<div class=\"elementor-column elementor-col-33 elementor-top-column elementor-element elementor-element-b3d335b\" data-id=\"b3d335b\" data-element_type=\"column\">\n\t\t\t<div class=\"elementor-column-wrap\">\n\t\t\t\t\t\t\t<div class=\"elementor-widget-wrap\">\n\t\t\t\t\t\t\t\t<\/div>\n\t\t\t\t\t<\/div>\n\t\t<\/div>\n\t\t\t\t<div class=\"elementor-column elementor-col-33 elementor-top-column elementor-element elementor-element-fd69444\" data-id=\"fd69444\" data-element_type=\"column\">\n\t\t\t<div class=\"elementor-column-wrap elementor-element-populated\">\n\t\t\t\t\t\t\t<div class=\"elementor-widget-wrap\">\n\t\t\t\t\t\t<div class=\"elementor-element elementor-element-abcc2f2 elementor-widget elementor-widget-heading\" data-id=\"abcc2f2\" data-element_type=\"widget\" data-widget_type=\"heading.default\">\n\t\t\t\t<div class=\"elementor-widget-container\">\n\t\t\t<h1 class=\"elementor-heading-title elementor-size-default\">Chez soi dans notre m\u00e9tier<\/h1>\t\t<\/div>\n\t\t\t\t<\/div>\n\t\t\t\t\t\t<\/div>\n\t\t\t\t\t<\/div>\n\t\t<\/div>\n\t\t\t\t<div class=\"elementor-column elementor-col-33 elementor-top-column elementor-element elementor-element-674669b\" data-id=\"674669b\" data-element_type=\"column\">\n\t\t\t<div class=\"elementor-column-wrap\">\n\t\t\t\t\t\t\t<div class=\"elementor-widget-wrap\">\n\t\t\t\t\t\t\t\t<\/div>\n\t\t\t\t\t<\/div>\n\t\t<\/div>\n\t\t\t\t\t\t\t\t<\/div>\n\t\t\t\t\t<\/div>\n\t\t<\/section>\n\t\t\t\t<section class=\"elementor-section elementor-top-section elementor-element elementor-element-145056e elementor-section-boxed elementor-section-height-default elementor-section-height-default\" data-id=\"145056e\" data-element_type=\"section\">\n\t\t\t\t\t\t<div class=\"elementor-container elementor-column-gap-default\">\n\t\t\t\t\t\t\t<div class=\"elementor-row\">\n\t\t\t\t\t<div class=\"elementor-column elementor-col-100 elementor-top-column elementor-element elementor-element-7670c96\" data-id=\"7670c96\" data-element_type=\"column\">\n\t\t\t<div class=\"elementor-column-wrap elementor-element-populated\">\n\t\t\t\t\t\t\t<div class=\"elementor-widget-wrap\">\n\t\t\t\t\t\t<div class=\"elementor-element elementor-element-99240ff elementor-widget elementor-widget-heading\" data-id=\"99240ff\" data-element_type=\"widget\" data-widget_type=\"heading.default\">\n\t\t\t\t<div class=\"elementor-widget-container\">\n\t\t\t<h3 class=\"elementor-heading-title elementor-size-default\">Droits de la concurrence et des marques<\/h3>\t\t<\/div>\n\t\t\t\t<\/div>\n\t\t\t\t<div class=\"elementor-element elementor-element-6416d91 elementor-widget-divider--view-line elementor-widget elementor-widget-divider\" data-id=\"6416d91\" data-element_type=\"widget\" data-widget_type=\"divider.default\">\n\t\t\t\t<div class=\"elementor-widget-container\">\n\t\t\t\t\t<div class=\"elementor-divider\">\n\t\t\t<span class=\"elementor-divider-separator\">\n\t\t\t\t\t\t<\/span>\n\t\t<\/div>\n\t\t\t\t<\/div>\n\t\t\t\t<\/div>\n\t\t\t\t<div class=\"elementor-element elementor-element-fa1a620 elementor-widget elementor-widget-text-editor\" data-id=\"fa1a620\" data-element_type=\"widget\" data-widget_type=\"text-editor.default\">\n\t\t\t\t<div class=\"elementor-widget-container\">\n\t\t\t\t\t\t\t\t<div class=\"elementor-text-editor elementor-clearfix\">\n\t\t\t\t<p>Le cabinet d\u2019avocats Durnez peut se pr\u00e9valoir d\u2019une connaissance approfondie et d\u2019une exp\u00e9rience pratique du suivi et du traitement des diff\u00e9rents aspects du droit de la concurrence et des marques :<\/p><ul><li>Droit belge et europ\u00e9en de la concurrence (accords faussant le march\u00e9, accords verticaux, cartels, fusions, etc.)<\/li><li>Position dominante et ses abus<\/li><li>Traitement de l\u2019ex\u00e9cution par les autorit\u00e9s nationales et internationales<\/li><li>Contestations devant les autorit\u00e9s de la concurrence<\/li><li>Droit belge, Benelux et international des marques (protection de la d\u00e9nomination sociale et du nom commercial, i-depot, etc.)<\/li><li>Brevets<\/li><li>\u2026..<\/li><\/ul><p>Jurisprudence publi\u00e9e :<\/p><ul><li><p>Rb. Trib. de Hasselt (5e ch.) n\u00b0 01.1745.A, 12 octobre 2002, TBBR 2003, n\u00b0 9, 637, <u>avec<\/u> note VANDERSCHOT, K. De sanctionering van ongeoorloofde schadebedingen De sanctionering van ongeoorloofde schadebedingen.<\/p><\/li><li><p>Tribunal de Commerce de Louvain, 11\/05\/2006, Juristenkrant 21\/06\/2006, n\u00b0 123 (publicit\u00e9 trompeuse &#8211; comp\u00e9tence internationale)<\/p><\/li><\/ul>\t\t\t\t\t<\/div>\n\t\t\t\t\t\t<\/div>\n\t\t\t\t<\/div>\n\t\t\t\t\t\t<\/div>\n\t\t\t\t\t<\/div>\n\t\t<\/div>\n\t\t\t\t\t\t\t\t<\/div>\n\t\t\t\t\t<\/div>\n\t\t<\/section>\n\t\t\t\t\t\t\t\t\t<\/div>\n\t\t\t<\/div>\n\t\t\t\t\t<\/div>\n\t\t","protected":false},"excerpt":{"rendered":"<p>Chez soi dans notre m\u00e9tier Droits de la concurrence et des marques Le cabinet d\u2019avocats Durnez peut se pr\u00e9valoir d\u2019une connaissance approfondie et d\u2019une exp\u00e9rience pratique du suivi et du traitement des diff\u00e9rents aspects du droit de la concurrence et des marques : Droit belge et europ\u00e9en de la concurrence (accords faussant le march\u00e9, accords &hellip;<\/p>\n<p class=\"read-more\"> <a class=\"\" href=\"http:\/\/durnezadv.be\/fr\/affaires\/droits-de-la-concurrence-et-des-marques\/\"> <span class=\"screen-reader-text\">Droits de la concurrence et des marques<\/span> Lire la suite\u00a0\u00bb<\/a><\/p>\n","protected":false},"author":4,"featured_media":0,"parent":4013,"menu_order":0,"comment_status":"closed","ping_status":"closed","template":"","meta":{"site-sidebar-layout":"no-sidebar","site-content-layout":"page-builder","ast-global-header-display":"","ast-main-header-display":"","ast-hfb-above-header-display":"","ast-hfb-below-header-display":"","ast-hfb-mobile-header-display":"","site-post-title":"disabled","ast-breadcrumbs-content":"","ast-featured-img":"disabled","footer-sml-layout":"","theme-transparent-header-meta":"enabled","adv-header-id-meta":"","stick-header-meta":"","header-above-stick-meta":"","header-main-stick-meta":"","header-below-stick-meta":""},"_links":{"self":[{"href":"http:\/\/durnezadv.be\/fr\/wp-json\/wp\/v2\/pages\/4074"}],"collection":[{"href":"http:\/\/durnezadv.be\/fr\/wp-json\/wp\/v2\/pages"}],"about":[{"href":"http:\/\/durnezadv.be\/fr\/wp-json\/wp\/v2\/types\/page"}],"author":[{"embeddable":true,"href":"http:\/\/durnezadv.be\/fr\/wp-json\/wp\/v2\/users\/4"}],"replies":[{"embeddable":true,"href":"http:\/\/durnezadv.be\/fr\/wp-json\/wp\/v2\/comments?post=4074"}],"version-history":[{"count":1,"href":"http:\/\/durnezadv.be\/fr\/wp-json\/wp\/v2\/pages\/4074\/revisions"}],"predecessor-version":[{"id":4075,"href":"http:\/\/durnezadv.be\/fr\/wp-json\/wp\/v2\/pages\/4074\/revisions\/4075"}],"up":[{"embeddable":true,"href":"http:\/\/durnezadv.be\/fr\/wp-json\/wp\/v2\/pages\/4013"}],"wp:attachment":[{"href":"http:\/\/durnezadv.be\/fr\/wp-json\/wp\/v2\/media?parent=4074"}],"curies":[{"name":"wp","href":"https:\/\/api.w.org\/{rel}","templated":true}]}}