{"id":4072,"date":"2021-09-14T17:25:23","date_gmt":"2021-09-14T16:25:23","guid":{"rendered":"http:\/\/durnezadv.be\/affaires\/droit-de-la-construction\/"},"modified":"2022-08-23T16:42:22","modified_gmt":"2022-08-23T15:42:22","slug":"droit-de-la-construction","status":"publish","type":"page","link":"http:\/\/durnezadv.be\/fr\/affaires\/droit-de-la-construction\/","title":{"rendered":"Droit de la construction"},"content":{"rendered":"\t\t<div data-elementor-type=\"wp-post\" data-elementor-id=\"4072\" class=\"elementor elementor-4072 elementor-3667\">\n\t\t\t\t\t\t<div class=\"elementor-inner\">\n\t\t\t\t<div class=\"elementor-section-wrap\">\n\t\t\t\t\t\t\t\t\t<section class=\"elementor-section elementor-top-section elementor-element elementor-element-d7d8b56 elementor-section-boxed elementor-section-height-default elementor-section-height-default\" data-id=\"d7d8b56\" data-element_type=\"section\" data-settings=\"{&quot;background_background&quot;:&quot;classic&quot;}\">\n\t\t\t\t\t\t\t<div class=\"elementor-background-overlay\"><\/div>\n\t\t\t\t\t\t\t<div class=\"elementor-container elementor-column-gap-default\">\n\t\t\t\t\t\t\t<div class=\"elementor-row\">\n\t\t\t\t\t<div class=\"elementor-column elementor-col-33 elementor-top-column elementor-element elementor-element-b3d335b\" data-id=\"b3d335b\" data-element_type=\"column\">\n\t\t\t<div class=\"elementor-column-wrap\">\n\t\t\t\t\t\t\t<div class=\"elementor-widget-wrap\">\n\t\t\t\t\t\t\t\t<\/div>\n\t\t\t\t\t<\/div>\n\t\t<\/div>\n\t\t\t\t<div class=\"elementor-column elementor-col-33 elementor-top-column elementor-element elementor-element-fd69444\" data-id=\"fd69444\" data-element_type=\"column\">\n\t\t\t<div class=\"elementor-column-wrap elementor-element-populated\">\n\t\t\t\t\t\t\t<div class=\"elementor-widget-wrap\">\n\t\t\t\t\t\t<div class=\"elementor-element elementor-element-abcc2f2 elementor-widget elementor-widget-heading\" data-id=\"abcc2f2\" data-element_type=\"widget\" data-widget_type=\"heading.default\">\n\t\t\t\t<div class=\"elementor-widget-container\">\n\t\t\t<h1 class=\"elementor-heading-title elementor-size-default\">Chez soi dans notre m\u00e9tier<\/h1>\t\t<\/div>\n\t\t\t\t<\/div>\n\t\t\t\t\t\t<\/div>\n\t\t\t\t\t<\/div>\n\t\t<\/div>\n\t\t\t\t<div class=\"elementor-column elementor-col-33 elementor-top-column elementor-element elementor-element-674669b\" data-id=\"674669b\" data-element_type=\"column\">\n\t\t\t<div class=\"elementor-column-wrap\">\n\t\t\t\t\t\t\t<div class=\"elementor-widget-wrap\">\n\t\t\t\t\t\t\t\t<\/div>\n\t\t\t\t\t<\/div>\n\t\t<\/div>\n\t\t\t\t\t\t\t\t<\/div>\n\t\t\t\t\t<\/div>\n\t\t<\/section>\n\t\t\t\t<section class=\"elementor-section elementor-top-section elementor-element elementor-element-145056e elementor-section-boxed elementor-section-height-default elementor-section-height-default\" data-id=\"145056e\" data-element_type=\"section\">\n\t\t\t\t\t\t<div class=\"elementor-container elementor-column-gap-default\">\n\t\t\t\t\t\t\t<div class=\"elementor-row\">\n\t\t\t\t\t<div class=\"elementor-column elementor-col-100 elementor-top-column elementor-element elementor-element-7670c96\" data-id=\"7670c96\" data-element_type=\"column\">\n\t\t\t<div class=\"elementor-column-wrap elementor-element-populated\">\n\t\t\t\t\t\t\t<div class=\"elementor-widget-wrap\">\n\t\t\t\t\t\t<div class=\"elementor-element elementor-element-99240ff elementor-widget elementor-widget-heading\" data-id=\"99240ff\" data-element_type=\"widget\" data-widget_type=\"heading.default\">\n\t\t\t\t<div class=\"elementor-widget-container\">\n\t\t\t<h3 class=\"elementor-heading-title elementor-size-default\">Droit de la construction<\/h3>\t\t<\/div>\n\t\t\t\t<\/div>\n\t\t\t\t<div class=\"elementor-element elementor-element-6416d91 elementor-widget-divider--view-line elementor-widget elementor-widget-divider\" data-id=\"6416d91\" data-element_type=\"widget\" data-widget_type=\"divider.default\">\n\t\t\t\t<div class=\"elementor-widget-container\">\n\t\t\t\t\t<div class=\"elementor-divider\">\n\t\t\t<span class=\"elementor-divider-separator\">\n\t\t\t\t\t\t<\/span>\n\t\t<\/div>\n\t\t\t\t<\/div>\n\t\t\t\t<\/div>\n\t\t\t\t<div class=\"elementor-element elementor-element-fa1a620 elementor-widget elementor-widget-text-editor\" data-id=\"fa1a620\" data-element_type=\"widget\" data-widget_type=\"text-editor.default\">\n\t\t\t\t<div class=\"elementor-widget-container\">\n\t\t\t\t\t\t\t\t<div class=\"elementor-text-editor elementor-clearfix\">\n\t\t\t\t<p>Le cabinet d\u2019avocats Durnez peut se pr\u00e9valoir d\u2019une connaissance approfondie et d\u2019une exp\u00e9rience pratique du suivi et du traitement des diff\u00e9rents aspects du droit de la construction.<\/p><ul><li>Traitement aupr\u00e8s des autorit\u00e9s administratives (suivi des demandes de permis, etc.)<\/li><li>R\u00e9daction de contrats d\u2019entreprise, convention d\u2019architecte, convention de mur mitoyen, etc.<\/li><li>Suivi des expertises amiables et judiciaires sur les probl\u00e8mes de construction.<\/li><li>Actions en justice en cas de responsabilit\u00e9 de l\u2019entrepreneur et\/ou de l\u2019architecte, du bureau d\u2019\u00e9tudes, etc. (responsabilit\u00e9 d\u00e9cennale, livraison non conforme, etc.)<\/li><li>\u2026\u2026.<\/li><\/ul><p>Nous traitons ces questions du point de vue du client, de l\u2019entrepreneur, de l\u2019architecte sous-traitant, du voisin, du coordinateur de la s\u00e9curit\u00e9, etc. <\/p><p>Le droit de la construction est un ensemble de mati\u00e8res juridiques diverses qui s\u2019appliquent au secteur de la construction.<\/p><p>Jurisprudence publi\u00e9e :<\/p><ul><li>Cour d\u2019arbitrage n\u00b0 117\/2004, 30\/06\/04, http:\/\/www.const-court.be (2 juillet 2004) ; A.A. 2004, n\u00b0 3, 1351 ; MB 5 octobre 2004 (extrait), 70253 et http:\/\/moniteur.be (13 octobre 2004) ; TMR 2004, n\u00b0 6, 706 et TBP 2005, n\u00b0 4-5, 209-379 (\u00c9galit\u00e9 et non-discrimination en mati\u00e8re d\u2019am\u00e9nagement du territoire &#8211; permis d\u2019environnement pour le lotissement de terrains en R\u00e9gion flamande)<\/li><li>Conseil d\u2019\u00c9tat, 12\/02\/09, n\u00b0 190.356, jura.be et T.Gem.2010, n\u00b0 2, 112 (conditions particuli\u00e8res d\u2019exploitation &#8211; urbanisme)<\/li><li><p>Bruxelles, 25 mai 1999, TBBR 2002, n\u00b0 9, 597, note MOSSELMANS, S. Het vereiste van \u2018normale bewoonbaarheid\u2019 en de toepassing van de Wet-Breyne, TBBR 2002, n\u00b0 9, 599-601<\/p><\/li><li><p>\u2022 Arr\u00eat du 28\/06\/2011 du Raad voor Vergunningsbetwistingen (Conseil pour les litiges de permis) <a href=\"https:\/\/www.dbrc.be\/sites\/default\/files\/atoms\/files\/RVVB.S.0011.0071.pdf\">https:\/\/www.dbrc.be\/sites\/default\/files\/atoms\/files\/RVVB.S.0011.0071.pdf<\/a><\/p><\/li><\/ul>\t\t\t\t\t<\/div>\n\t\t\t\t\t\t<\/div>\n\t\t\t\t<\/div>\n\t\t\t\t\t\t<\/div>\n\t\t\t\t\t<\/div>\n\t\t<\/div>\n\t\t\t\t\t\t\t\t<\/div>\n\t\t\t\t\t<\/div>\n\t\t<\/section>\n\t\t\t\t\t\t\t\t\t<\/div>\n\t\t\t<\/div>\n\t\t\t\t\t<\/div>\n\t\t","protected":false},"excerpt":{"rendered":"<p>Chez soi dans notre m\u00e9tier Droit de la construction Le cabinet d\u2019avocats Durnez peut se pr\u00e9valoir d\u2019une connaissance approfondie et d\u2019une exp\u00e9rience pratique du suivi et du traitement des diff\u00e9rents aspects du droit de la construction. Traitement aupr\u00e8s des autorit\u00e9s administratives (suivi des demandes de permis, etc.) R\u00e9daction de contrats d\u2019entreprise, convention d\u2019architecte, convention de &hellip;<\/p>\n<p class=\"read-more\"> <a class=\"\" href=\"http:\/\/durnezadv.be\/fr\/affaires\/droit-de-la-construction\/\"> <span class=\"screen-reader-text\">Droit de la construction<\/span> Lire la suite\u00a0\u00bb<\/a><\/p>\n","protected":false},"author":4,"featured_media":0,"parent":4013,"menu_order":0,"comment_status":"closed","ping_status":"closed","template":"","meta":{"site-sidebar-layout":"no-sidebar","site-content-layout":"page-builder","ast-global-header-display":"","ast-main-header-display":"","ast-hfb-above-header-display":"","ast-hfb-below-header-display":"","ast-hfb-mobile-header-display":"","site-post-title":"disabled","ast-breadcrumbs-content":"","ast-featured-img":"disabled","footer-sml-layout":"","theme-transparent-header-meta":"enabled","adv-header-id-meta":"","stick-header-meta":"","header-above-stick-meta":"","header-main-stick-meta":"","header-below-stick-meta":""},"_links":{"self":[{"href":"http:\/\/durnezadv.be\/fr\/wp-json\/wp\/v2\/pages\/4072"}],"collection":[{"href":"http:\/\/durnezadv.be\/fr\/wp-json\/wp\/v2\/pages"}],"about":[{"href":"http:\/\/durnezadv.be\/fr\/wp-json\/wp\/v2\/types\/page"}],"author":[{"embeddable":true,"href":"http:\/\/durnezadv.be\/fr\/wp-json\/wp\/v2\/users\/4"}],"replies":[{"embeddable":true,"href":"http:\/\/durnezadv.be\/fr\/wp-json\/wp\/v2\/comments?post=4072"}],"version-history":[{"count":1,"href":"http:\/\/durnezadv.be\/fr\/wp-json\/wp\/v2\/pages\/4072\/revisions"}],"predecessor-version":[{"id":4073,"href":"http:\/\/durnezadv.be\/fr\/wp-json\/wp\/v2\/pages\/4072\/revisions\/4073"}],"up":[{"embeddable":true,"href":"http:\/\/durnezadv.be\/fr\/wp-json\/wp\/v2\/pages\/4013"}],"wp:attachment":[{"href":"http:\/\/durnezadv.be\/fr\/wp-json\/wp\/v2\/media?parent=4072"}],"curies":[{"name":"wp","href":"https:\/\/api.w.org\/{rel}","templated":true}]}}