{"id":4070,"date":"2021-09-14T17:23:00","date_gmt":"2021-09-14T16:23:00","guid":{"rendered":"http:\/\/durnezadv.be\/affaires\/droit-de-la-responsabilite\/"},"modified":"2022-08-23T16:37:38","modified_gmt":"2022-08-23T15:37:38","slug":"droit-de-la-responsabilite","status":"publish","type":"page","link":"http:\/\/durnezadv.be\/fr\/affaires\/droit-de-la-responsabilite\/","title":{"rendered":"Droit de la responsabilit\u00e9"},"content":{"rendered":"\t\t<div data-elementor-type=\"wp-post\" data-elementor-id=\"4070\" class=\"elementor elementor-4070 elementor-3662\">\n\t\t\t\t\t\t<div class=\"elementor-inner\">\n\t\t\t\t<div class=\"elementor-section-wrap\">\n\t\t\t\t\t\t\t\t\t<section class=\"elementor-section elementor-top-section elementor-element elementor-element-d7d8b56 elementor-section-boxed elementor-section-height-default elementor-section-height-default\" data-id=\"d7d8b56\" data-element_type=\"section\" data-settings=\"{&quot;background_background&quot;:&quot;classic&quot;}\">\n\t\t\t\t\t\t\t<div class=\"elementor-background-overlay\"><\/div>\n\t\t\t\t\t\t\t<div class=\"elementor-container elementor-column-gap-default\">\n\t\t\t\t\t\t\t<div class=\"elementor-row\">\n\t\t\t\t\t<div class=\"elementor-column elementor-col-33 elementor-top-column elementor-element elementor-element-b3d335b\" data-id=\"b3d335b\" data-element_type=\"column\">\n\t\t\t<div class=\"elementor-column-wrap\">\n\t\t\t\t\t\t\t<div class=\"elementor-widget-wrap\">\n\t\t\t\t\t\t\t\t<\/div>\n\t\t\t\t\t<\/div>\n\t\t<\/div>\n\t\t\t\t<div class=\"elementor-column elementor-col-33 elementor-top-column elementor-element elementor-element-fd69444\" data-id=\"fd69444\" data-element_type=\"column\">\n\t\t\t<div class=\"elementor-column-wrap elementor-element-populated\">\n\t\t\t\t\t\t\t<div class=\"elementor-widget-wrap\">\n\t\t\t\t\t\t<div class=\"elementor-element elementor-element-abcc2f2 elementor-widget elementor-widget-heading\" data-id=\"abcc2f2\" data-element_type=\"widget\" data-widget_type=\"heading.default\">\n\t\t\t\t<div class=\"elementor-widget-container\">\n\t\t\t<h1 class=\"elementor-heading-title elementor-size-default\">Chez soi dans notre m\u00e9tier<\/h1>\t\t<\/div>\n\t\t\t\t<\/div>\n\t\t\t\t\t\t<\/div>\n\t\t\t\t\t<\/div>\n\t\t<\/div>\n\t\t\t\t<div class=\"elementor-column elementor-col-33 elementor-top-column elementor-element elementor-element-674669b\" data-id=\"674669b\" data-element_type=\"column\">\n\t\t\t<div class=\"elementor-column-wrap\">\n\t\t\t\t\t\t\t<div class=\"elementor-widget-wrap\">\n\t\t\t\t\t\t\t\t<\/div>\n\t\t\t\t\t<\/div>\n\t\t<\/div>\n\t\t\t\t\t\t\t\t<\/div>\n\t\t\t\t\t<\/div>\n\t\t<\/section>\n\t\t\t\t<section class=\"elementor-section elementor-top-section elementor-element elementor-element-145056e elementor-section-boxed elementor-section-height-default elementor-section-height-default\" data-id=\"145056e\" data-element_type=\"section\">\n\t\t\t\t\t\t<div class=\"elementor-container elementor-column-gap-default\">\n\t\t\t\t\t\t\t<div class=\"elementor-row\">\n\t\t\t\t\t<div class=\"elementor-column elementor-col-100 elementor-top-column elementor-element elementor-element-7670c96\" data-id=\"7670c96\" data-element_type=\"column\">\n\t\t\t<div class=\"elementor-column-wrap elementor-element-populated\">\n\t\t\t\t\t\t\t<div class=\"elementor-widget-wrap\">\n\t\t\t\t\t\t<div class=\"elementor-element elementor-element-99240ff elementor-widget elementor-widget-heading\" data-id=\"99240ff\" data-element_type=\"widget\" data-widget_type=\"heading.default\">\n\t\t\t\t<div class=\"elementor-widget-container\">\n\t\t\t<h3 class=\"elementor-heading-title elementor-size-default\">Droit de la responsabilit\u00e9<\/h3>\t\t<\/div>\n\t\t\t\t<\/div>\n\t\t\t\t<div class=\"elementor-element elementor-element-6416d91 elementor-widget-divider--view-line elementor-widget elementor-widget-divider\" data-id=\"6416d91\" data-element_type=\"widget\" data-widget_type=\"divider.default\">\n\t\t\t\t<div class=\"elementor-widget-container\">\n\t\t\t\t\t<div class=\"elementor-divider\">\n\t\t\t<span class=\"elementor-divider-separator\">\n\t\t\t\t\t\t<\/span>\n\t\t<\/div>\n\t\t\t\t<\/div>\n\t\t\t\t<\/div>\n\t\t\t\t<div class=\"elementor-element elementor-element-fa1a620 elementor-widget elementor-widget-text-editor\" data-id=\"fa1a620\" data-element_type=\"widget\" data-widget_type=\"text-editor.default\">\n\t\t\t\t<div class=\"elementor-widget-container\">\n\t\t\t\t\t\t\t\t<div class=\"elementor-text-editor elementor-clearfix\">\n\t\t\t\t<p>Le cabinet d\u2019avocats Durnez peut se pr\u00e9valoir d\u2019une connaissance approfondie et d\u2019une exp\u00e9rience pratique dans le suivi et le traitement des diff\u00e9rents aspects du droit de la responsabilit\u00e9.<\/p><ul><li>Responsabilit\u00e9 contractuelle et extracontractuelle, dommages et assurances<\/li><li>Responsabilit\u00e9 des pouvoirs publics<\/li><li>Responsabilit\u00e9 m\u00e9dicale<\/li><li>Responsabilit\u00e9 pour vices cach\u00e9s et livraison non conforme<\/li><li>Responsabilit\u00e9 pour les animaux et les choses<\/li><li>Responsabilit\u00e9 des enfants (parents, surveillants, \u00e9coles, etc.)<\/li><li>\u2022 Responsabilit\u00e9 des commettants (employeur, agence d\u2019int\u00e9rim, etc.)<\/li><li>\u2022 Responsabilit\u00e9 professionnelle (entrepreneur, architecte, m\u00e9decin, comptable, notaire, garagiste, etc.)<\/li><li>Droit disciplinaire<\/li><li>\u2026..<\/li><\/ul><p>Nous traitons ces affaires tant du point de vue de la personne pr\u00e9sum\u00e9e responsable que de celui de la personne l\u00e9s\u00e9e.<\/p><p>\u00c0 cet \u00e9gard, nous avons acquis une riche exp\u00e9rience des dossiers de dommages dans diff\u00e9rents secteurs caract\u00e9ris\u00e9s par des rapports d\u2019expertise contest\u00e9s (construction, industrie, m\u00e9dical, TIC, etc.).<\/p><p>Jurisprudence publi\u00e9e :<\/p><ul><li>Trib. de Hasselt, 12\/10\/2002, Revue G\u00e9n\u00e9rale de Droit Civil 2003, 638 avec note K Vanderschot &#8211; de sanctionering van ongeoorloofde schadebedingen<\/li><li>Trib. de Louvain, 24\/02\/06, NJW n\u00b0 162, 418 (manipulation de prix &#8211; simulation)<\/li><li>Anvers, 23\/04\/08, Rechtskundig Weekblad 10-11, 586 (bail commercial &#8211; indemnit\u00e9 d\u2019\u00e9viction)<\/li><li>Anvers, 15\/12\/2009, Justel N-20091215- (donation d\u00e9guis\u00e9e)<\/li><li>Tribunal de Commerce de Louvain, 04\/03\/11, Rechtskundig Weekblad 11-12, 963 (rachat en cas de non-respect des conditions contractuelles)<\/li><li>Trib. de Bruxelles, 16\/01\/12, Rechtskundig Weekblad 14-15, 589 (honoraires d\u2019un agent immobilier &#8211; agent immobilier &#8211; rupture des n\u00e9gociations sur un compromis de vente d\u2019un bien immobilier)<\/li><li>Trib. de Louvain, 08\/05\/13, Rechtskundig Weekblad 14-15, 71 (loyer social &#8211; obligation d\u2019occupation effective)<\/li><li>Tribunal de Commerce de Louvain, 01\/03\/2007, publi\u00e9 dans Computerrecht, tijdschrift voor informatica, telecommunicatie en recht, 2008, p.101 et seq.<\/li><li>Cour constitutionnelle, 27\/01\/11, A.GrwH 2011, n\u00b0 1, 331 (droits d\u2019auteur)<\/li><li>Anvers, 04\/06\/2015, NJW, 28\/12\/2016 (n\u00b0 353) p.918 (concurrence parasitaire \u2013 faute professionnelle &#8211; nom de domaine)<\/li><\/ul>\t\t\t\t\t<\/div>\n\t\t\t\t\t\t<\/div>\n\t\t\t\t<\/div>\n\t\t\t\t\t\t<\/div>\n\t\t\t\t\t<\/div>\n\t\t<\/div>\n\t\t\t\t\t\t\t\t<\/div>\n\t\t\t\t\t<\/div>\n\t\t<\/section>\n\t\t\t\t\t\t\t\t\t<\/div>\n\t\t\t<\/div>\n\t\t\t\t\t<\/div>\n\t\t","protected":false},"excerpt":{"rendered":"<p>Chez soi dans notre m\u00e9tier Droit de la responsabilit\u00e9 Le cabinet d\u2019avocats Durnez peut se pr\u00e9valoir d\u2019une connaissance approfondie et d\u2019une exp\u00e9rience pratique dans le suivi et le traitement des diff\u00e9rents aspects du droit de la responsabilit\u00e9. Responsabilit\u00e9 contractuelle et extracontractuelle, dommages et assurances Responsabilit\u00e9 des pouvoirs publics Responsabilit\u00e9 m\u00e9dicale Responsabilit\u00e9 pour vices cach\u00e9s et &hellip;<\/p>\n<p class=\"read-more\"> <a class=\"\" href=\"http:\/\/durnezadv.be\/fr\/affaires\/droit-de-la-responsabilite\/\"> <span class=\"screen-reader-text\">Droit de la responsabilit\u00e9<\/span> Lire la suite\u00a0\u00bb<\/a><\/p>\n","protected":false},"author":4,"featured_media":0,"parent":4013,"menu_order":0,"comment_status":"closed","ping_status":"closed","template":"","meta":{"site-sidebar-layout":"no-sidebar","site-content-layout":"page-builder","ast-global-header-display":"","ast-main-header-display":"","ast-hfb-above-header-display":"","ast-hfb-below-header-display":"","ast-hfb-mobile-header-display":"","site-post-title":"disabled","ast-breadcrumbs-content":"","ast-featured-img":"disabled","footer-sml-layout":"","theme-transparent-header-meta":"enabled","adv-header-id-meta":"","stick-header-meta":"","header-above-stick-meta":"","header-main-stick-meta":"","header-below-stick-meta":""},"_links":{"self":[{"href":"http:\/\/durnezadv.be\/fr\/wp-json\/wp\/v2\/pages\/4070"}],"collection":[{"href":"http:\/\/durnezadv.be\/fr\/wp-json\/wp\/v2\/pages"}],"about":[{"href":"http:\/\/durnezadv.be\/fr\/wp-json\/wp\/v2\/types\/page"}],"author":[{"embeddable":true,"href":"http:\/\/durnezadv.be\/fr\/wp-json\/wp\/v2\/users\/4"}],"replies":[{"embeddable":true,"href":"http:\/\/durnezadv.be\/fr\/wp-json\/wp\/v2\/comments?post=4070"}],"version-history":[{"count":1,"href":"http:\/\/durnezadv.be\/fr\/wp-json\/wp\/v2\/pages\/4070\/revisions"}],"predecessor-version":[{"id":4071,"href":"http:\/\/durnezadv.be\/fr\/wp-json\/wp\/v2\/pages\/4070\/revisions\/4071"}],"up":[{"embeddable":true,"href":"http:\/\/durnezadv.be\/fr\/wp-json\/wp\/v2\/pages\/4013"}],"wp:attachment":[{"href":"http:\/\/durnezadv.be\/fr\/wp-json\/wp\/v2\/media?parent=4070"}],"curies":[{"name":"wp","href":"https:\/\/api.w.org\/{rel}","templated":true}]}}