{"id":4066,"date":"2021-09-14T15:51:42","date_gmt":"2021-09-14T14:51:42","guid":{"rendered":"http:\/\/durnezadv.be\/affaires\/droit-penal\/"},"modified":"2022-08-23T16:18:07","modified_gmt":"2022-08-23T15:18:07","slug":"droit-penal","status":"publish","type":"page","link":"http:\/\/durnezadv.be\/fr\/affaires\/droit-penal\/","title":{"rendered":"Droit p\u00e9nal"},"content":{"rendered":"\t\t<div data-elementor-type=\"wp-post\" data-elementor-id=\"4066\" class=\"elementor elementor-4066 elementor-3635\">\n\t\t\t\t\t\t<div class=\"elementor-inner\">\n\t\t\t\t<div class=\"elementor-section-wrap\">\n\t\t\t\t\t\t\t\t\t<section class=\"elementor-section elementor-top-section elementor-element elementor-element-d7d8b56 elementor-section-boxed elementor-section-height-default elementor-section-height-default\" data-id=\"d7d8b56\" data-element_type=\"section\" data-settings=\"{&quot;background_background&quot;:&quot;classic&quot;}\">\n\t\t\t\t\t\t\t<div class=\"elementor-background-overlay\"><\/div>\n\t\t\t\t\t\t\t<div class=\"elementor-container elementor-column-gap-default\">\n\t\t\t\t\t\t\t<div class=\"elementor-row\">\n\t\t\t\t\t<div class=\"elementor-column elementor-col-33 elementor-top-column elementor-element elementor-element-b3d335b\" data-id=\"b3d335b\" data-element_type=\"column\">\n\t\t\t<div class=\"elementor-column-wrap\">\n\t\t\t\t\t\t\t<div class=\"elementor-widget-wrap\">\n\t\t\t\t\t\t\t\t<\/div>\n\t\t\t\t\t<\/div>\n\t\t<\/div>\n\t\t\t\t<div class=\"elementor-column elementor-col-33 elementor-top-column elementor-element elementor-element-fd69444\" data-id=\"fd69444\" data-element_type=\"column\">\n\t\t\t<div class=\"elementor-column-wrap elementor-element-populated\">\n\t\t\t\t\t\t\t<div class=\"elementor-widget-wrap\">\n\t\t\t\t\t\t<div class=\"elementor-element elementor-element-abcc2f2 elementor-widget elementor-widget-heading\" data-id=\"abcc2f2\" data-element_type=\"widget\" data-widget_type=\"heading.default\">\n\t\t\t\t<div class=\"elementor-widget-container\">\n\t\t\t<h1 class=\"elementor-heading-title elementor-size-default\">Chez soi dans notre m\u00e9tier<\/h1>\t\t<\/div>\n\t\t\t\t<\/div>\n\t\t\t\t\t\t<\/div>\n\t\t\t\t\t<\/div>\n\t\t<\/div>\n\t\t\t\t<div class=\"elementor-column elementor-col-33 elementor-top-column elementor-element elementor-element-674669b\" data-id=\"674669b\" data-element_type=\"column\">\n\t\t\t<div class=\"elementor-column-wrap\">\n\t\t\t\t\t\t\t<div class=\"elementor-widget-wrap\">\n\t\t\t\t\t\t\t\t<\/div>\n\t\t\t\t\t<\/div>\n\t\t<\/div>\n\t\t\t\t\t\t\t\t<\/div>\n\t\t\t\t\t<\/div>\n\t\t<\/section>\n\t\t\t\t<section class=\"elementor-section elementor-top-section elementor-element elementor-element-145056e elementor-section-boxed elementor-section-height-default elementor-section-height-default\" data-id=\"145056e\" data-element_type=\"section\">\n\t\t\t\t\t\t<div class=\"elementor-container elementor-column-gap-default\">\n\t\t\t\t\t\t\t<div class=\"elementor-row\">\n\t\t\t\t\t<div class=\"elementor-column elementor-col-100 elementor-top-column elementor-element elementor-element-7670c96\" data-id=\"7670c96\" data-element_type=\"column\">\n\t\t\t<div class=\"elementor-column-wrap elementor-element-populated\">\n\t\t\t\t\t\t\t<div class=\"elementor-widget-wrap\">\n\t\t\t\t\t\t<div class=\"elementor-element elementor-element-99240ff elementor-widget elementor-widget-heading\" data-id=\"99240ff\" data-element_type=\"widget\" data-widget_type=\"heading.default\">\n\t\t\t\t<div class=\"elementor-widget-container\">\n\t\t\t<h3 class=\"elementor-heading-title elementor-size-default\">Droit p\u00e9nal<\/h3>\t\t<\/div>\n\t\t\t\t<\/div>\n\t\t\t\t<div class=\"elementor-element elementor-element-6416d91 elementor-widget-divider--view-line elementor-widget elementor-widget-divider\" data-id=\"6416d91\" data-element_type=\"widget\" data-widget_type=\"divider.default\">\n\t\t\t\t<div class=\"elementor-widget-container\">\n\t\t\t\t\t<div class=\"elementor-divider\">\n\t\t\t<span class=\"elementor-divider-separator\">\n\t\t\t\t\t\t<\/span>\n\t\t<\/div>\n\t\t\t\t<\/div>\n\t\t\t\t<\/div>\n\t\t\t\t<div class=\"elementor-element elementor-element-fa1a620 elementor-widget elementor-widget-text-editor\" data-id=\"fa1a620\" data-element_type=\"widget\" data-widget_type=\"text-editor.default\">\n\t\t\t\t<div class=\"elementor-widget-container\">\n\t\t\t\t\t\t\t\t<div class=\"elementor-text-editor elementor-clearfix\">\n\t\t\t\tLe cabinet d\u2019avocats Durnez peut se pr\u00e9valoir d\u2019une connaissance approfondie et d\u2019une exp\u00e9rience pratique dans le suivi et le traitement des affaires p\u00e9nales devant les tribunaux de police, les tribunaux correctionnels, les chambres p\u00e9nales des cours d\u2019appel, les cours d\u2019assises et la Cour de cassation.\n\nVous pouvez compter sur nous pour toute question et proc\u00e9dure concernant les points suivants :\n<ul>\n \t<li>Assistance en cas d\u2019arrestation et\/ou d\u2019interrogatoire<\/li>\n \t<li>Assistance dans les proc\u00e9dures devant la Chambre du conseil et la Chambre des mises en accusation<\/li>\n \t<li>Assistance \u00e0 l\u2019introduction et au traitement d\u2019un pourvoi en cassation (agr\u00e9ment n\u00b0 OVB -15-173)<\/li>\n \t<li>Assistance pour le d\u00e9p\u00f4t et le suivi d\u2019une plainte avec constitution de partie civile devant un juge d\u2019instruction<\/li>\n \t<li>\u00c9tude du dossier p\u00e9nal, r\u00e9daction de conclusions et plaidoirie devant les juridictions p\u00e9nales<\/li>\n \t<li>Assistance devant les tribunaux d\u2019application des peines<\/li>\n \t<li>R\u00e9daction de r\u00e8glements et traitement des proc\u00e9dures relatives au r\u00e8glement du pr\u00e9judice dans le chef des parties civiles.<\/li>\n \t<li>\u2026\u2026.<\/li>\n<\/ul>\nLes mati\u00e8res qui peuvent \u00eatre trait\u00e9es sont tr\u00e8s diverses et comprennent l\u2019homicide, les coups et blessures volontaires, l\u2019incendie criminel, le vol, la fraude, l\u2019abus de confiance, les voies de fait, le viol, les d\u00e9lits sociaux (emploi irr\u00e9gulier de ressortissants \u00e9trangers, etc.), la fraude fiscale (activit\u00e9s de blanchiment, probl\u00e8mes douaniers, etc.).\n\nNous traitons ces questions du point de vue de l\u2019auteur des faits et du point de vue de la victime.\n\nJurisprudence publi\u00e9e :\n<ul>\n \t<li>Cass. 20\/10\/1992 (Nevens\/Omob), Arr. Cass 91-92, 1215, Bull.92, 1173 et Pas. 92, I, 1173 (recel)<\/li>\n \t<li>Anvers, 20\/02\/1996, Rechtskundig Weekblad 96-97, 398, avec notes de Arnou et Gelders (fouille ill\u00e9gale d\u2019un v\u00e9hicule)<\/li>\n \t<li>Cour d\u2019arbitrage, 06\/04\/00, Rechtskundig Weekblad 00-01, 472 (question pr\u00e9judicielle &#8211; droits de douane et accises &#8211; proc\u00e9dure p\u00e9nale)<\/li>\n \t<li>Cass. (2e ch.) AR P.02.0494.N, 4 f\u00e9vrier 2003 (B.E.), Arr.Cass. 2003, n\u00b0 2, 319 ; http:\/\/www.cass.be (5 mars 2003) ; Pas. 2003, n\u00b0 2, 265 (proc\u00e8s \u00e9quitable et \u00e9galit\u00e9 des armes)<\/li>\n \t<li>\u2022 Cass. 26\/02\/02, Arr.Cass. 2002, n\u00b0 2, 580 ; http:\/\/www.cass.be (23 avril 2002) ; Pas. 2002, n\u00b0 2, 551 ; RW 2002-03, n\u00b0 38, 1504 et http:\/\/www.rw.be (7 juin 2003), note BACKX, B (proc\u00e8s \u00e9quitable &#8211; preuves en mati\u00e8re p\u00e9nale)<\/li>\n \t<li>Cass. (2e ch.) AR P.03.0622.N, 25 mai 2004 (Pova Fuel et autres c. ministre des Finances), Arr. Cass. 2004, n\u00b0 5, 913 ; <a href=\"http:\/\/www.cass.be\" target=\"_blank\" rel=\"noopener\">http:\/\/www.cass.be<\/a> (22 juin 2004) ; Pas. 2004, n\u00b0 5-6, 906 ; T.Strafr. 2005 (abr\u00e9g\u00e9), n\u00b0 6, 440 (confiscation)<\/li>\n \t<li>Cass. (2e ch.) AR P.06.1533.N, 13 f\u00e9vrier 2007 (A.A.S.H., M.J.A.V.L. \/ G.D.M., M.B., B.M. et autres), Arr. Cass. 2007, n\u00b0 2, 362 ; http:\/\/www.cass.be (23 mars 2007) ; Pas. 2007, n\u00b0 2, 314 ; T.Strafr. 2007, n\u00b0 5, 315, note (annulation de l\u2019arr\u00eat de la Cour d\u2019assises)<\/li>\n \t<li>Cass. (2e ch.) AR P.10.0834.N, 26 octobre 2010 (K.R.D., \u00c9tat belge \/ E.H.J.V.G., S.P. et autres), Juristenkrant 2011 (reproduction VANWALLEGHEM, P.), n\u00b0 223, 7 ; http:\/\/www.cass.be (10 novembre 2010) ; Pas. 2010, n\u00b0 10, 2801 (obligation de motiver les \u00e9coutes &#8211; \u00e9coutes irr\u00e9guli\u00e8res)<\/li>\n \t<li>Cass. (2e ch.) AR P.14.1149.N, 16 d\u00e9cembre 2014 (M.G.M.K., E.G.E.L.D., Renovama nv), http:\/\/www.cass.be (5 janvier 2015) ; NC 2015, n\u00b0 5, 447 et http:\/\/www.nullumcrimen.be\/ (16 novembre 2015) ; RW 2015-16 (r\u00e9sum\u00e9), n\u00b0 20, 783 et http:\/\/www.rw.be\/ (9 f\u00e9vrier 2016) (d\u00e9lai raisonnable &#8211; loi sur le blanchiment d\u2019argent &#8211; confiscation)<\/li>\n \t<li>Cass. P.13.084524\/02\/15 (CG\/Ethias), Arr. Cass. 2015, n\u00b0 2, 528 ; http:\/\/www.cass.be (14 mars 2015) ; Pas. 2015, n\u00b0 2, 493 (valeur probante d\u2019un proc\u00e8s-verbal tardif) \u2022 Cass. (2e ch.) AR P.14.0784.N, 23 juin 2015 (B.F.I.J. c. Lease), Arr. Cass. 2015, n\u00b0 6-8, 1708 ; http:\/\/www.cass.be (26 juillet 2015) ; Pas. 2015, n\u00b0 6-7-8, 1678 (application de la loi dans le temps)<\/li>\n \t<li>Cass. (2e ch.) AR P.14.0784.N, 23 juin 2015 (B.F.I.J. c. Lease), Arr. Cass. 2015, n\u00b0 6-8, 1708 ; http:\/\/www.cass.be (26 juillet 2015) ; Pas. 2015, n\u00b0 6-7-8, 1678 (application de la loi dans le temps)<\/li>\n \t<li>(2e ch.) AR P.20.1298.N, 16 f\u00e9vrier 2021 (service de nettoyage), https:\/\/juportal.be (15 mars 2021) (tachygraphe &#8211; proc\u00e9dure p\u00e9nale)<\/li>\n \t<li>\u2022 Cour d\u2019arbitrage n\u00b0 105\/2001, 13 juillet 2001 (question pr\u00e9judicielle), http:\/\/www.const-court.be (18 octobre 2001) ; A.A. 2001, num\u00e9ro 3, 1471 ; MB 30 octobre 2001 (extrait), 37541 et http:\/\/moniteur.be (6 novembre 2001) ; Juristenkrant 2001 (reproduction BREWAEYS, E.), n\u00b0 33, 5 ; RW 2002-03, n\u00b0 4, 131 et http:\/\/www.rw.be (2 octobre 2002) ; T.Strafr. 2002, n\u00b0 4, 180, note VERBRUGGEN, F. ; Droit de la circulation 2002, n\u00b0 1, 37 (retrait irr\u00e9gulier du permis de conduire)<\/li>\n \t<li><span style=\"font-size: 16px;\">Cass. (2e ch.) AR P.02.1583.N, 8 avril 2003 (L.P.) Arr. Cass. 2003, n\u00b0 4, 917 ; https:\/\/juportal.be (23 mai 2003) ; Pas. 2003, n\u00b0 4, 764 ; Droit de la circulation 2003, n\u00b0 7, 253 (preuves dans les affaires p\u00e9nales &#8211; valeur probante d\u2019un proc\u00e8s-verbal)<\/span><\/li>\n \t<li>Cass. (2e ch.) AR P.12.1940.N, 22 octobre 2013 (J.B. \/ S.B.) Arr. Cass. 2013, n\u00b0 10, 2161 ; https:\/\/juportal.be (18 novembre 2013) ; Pas. 2013, n\u00b0 10, 2001 ; TBO 2016, n\u00b0 1, 26, note TOREMANS, T. De authentieke bewijswaarde van vaststellingen van de gerechtsdeskundige terug van weggeweest, TBO 2016, n\u00b0 1, 27-30<\/span><\/li>\n \t<li>Cass. (2e ch.) AR P.14.0784.N, 23 juin 2015, Arr. Cass. 2015, n\u00b0 6-8, 1708 ; https:\/\/juportal.be (26 juillet 2015) ; Pas. 2015, n\u00b0 6-7-8, 1678 (d\u00e9lit en mati\u00e8re de faillite)<\/span><\/li>\n \t<li><span style=\"font-size: 16px;\">Cass. (2e ch.) AR P.17.0339.N, 12 d\u00e9cembre 2017 (Y.C.-D.B., M.E.W. c. Inspecteur du logement), https:\/\/juportal.be (26 d\u00e9cembre 2017) ; Newsletter TROS 2018 (r\u00e9sum\u00e9 TOURY, J.), n\u00b0 3, 13 (obligation de motivation dans les proc\u00e9dures de confiscation)<\/span><\/li>\n \t<li>Cass. (2e ch.) AR P.20.1294.N, 16 mars 2021 (D. F. C. D. K.) <\/span><a style=\"font-size: 16px; background-color: #ffffff;\" href=\"https:\/\/juportal.be\/\">https:\/\/juportal.be<\/a> <span style=\"font-size: 16px;\">(12 avril 2021)<\/span> <span style=\"font-size: 16px;\">(pr\u00e9sence d\u2019un stagiaire judiciaire au d\u00e9bat et au jugement)<\/span><\/li>\n \t<li><span style=\"font-size: 16px;\">Cass. (2e ch.) AR P.21.0769.N, 5 octobre 2021 (GARAGE P nv \/ G C bv), https:\/\/juportal.be\/ (26 octobre 2021) (prescription de proc\u00e9dure p\u00e9nale)<\/span><\/li>\n<\/ul>\t\t\t\t\t<\/div>\n\t\t\t\t\t\t<\/div>\n\t\t\t\t<\/div>\n\t\t\t\t\t\t<\/div>\n\t\t\t\t\t<\/div>\n\t\t<\/div>\n\t\t\t\t\t\t\t\t<\/div>\n\t\t\t\t\t<\/div>\n\t\t<\/section>\n\t\t\t\t\t\t\t\t\t<\/div>\n\t\t\t<\/div>\n\t\t\t\t\t<\/div>\n\t\t","protected":false},"excerpt":{"rendered":"<p>Chez soi dans notre m\u00e9tier Droit p\u00e9nal Le cabinet d\u2019avocats Durnez peut se pr\u00e9valoir d\u2019une connaissance approfondie et d\u2019une exp\u00e9rience pratique dans le suivi et le traitement des affaires p\u00e9nales devant les tribunaux de police, les tribunaux correctionnels, les chambres p\u00e9nales des cours d\u2019appel, les cours d\u2019assises et la Cour de cassation. Vous pouvez compter &hellip;<\/p>\n<p class=\"read-more\"> <a class=\"\" href=\"http:\/\/durnezadv.be\/fr\/affaires\/droit-penal\/\"> <span class=\"screen-reader-text\">Droit p\u00e9nal<\/span> Lire la suite\u00a0\u00bb<\/a><\/p>\n","protected":false},"author":5,"featured_media":0,"parent":4013,"menu_order":0,"comment_status":"closed","ping_status":"closed","template":"","meta":{"site-sidebar-layout":"no-sidebar","site-content-layout":"page-builder","ast-global-header-display":"","ast-main-header-display":"","ast-hfb-above-header-display":"","ast-hfb-below-header-display":"","ast-hfb-mobile-header-display":"","site-post-title":"disabled","ast-breadcrumbs-content":"","ast-featured-img":"disabled","footer-sml-layout":"","theme-transparent-header-meta":"enabled","adv-header-id-meta":"","stick-header-meta":"","header-above-stick-meta":"","header-main-stick-meta":"","header-below-stick-meta":""},"_links":{"self":[{"href":"http:\/\/durnezadv.be\/fr\/wp-json\/wp\/v2\/pages\/4066"}],"collection":[{"href":"http:\/\/durnezadv.be\/fr\/wp-json\/wp\/v2\/pages"}],"about":[{"href":"http:\/\/durnezadv.be\/fr\/wp-json\/wp\/v2\/types\/page"}],"author":[{"embeddable":true,"href":"http:\/\/durnezadv.be\/fr\/wp-json\/wp\/v2\/users\/5"}],"replies":[{"embeddable":true,"href":"http:\/\/durnezadv.be\/fr\/wp-json\/wp\/v2\/comments?post=4066"}],"version-history":[{"count":1,"href":"http:\/\/durnezadv.be\/fr\/wp-json\/wp\/v2\/pages\/4066\/revisions"}],"predecessor-version":[{"id":4067,"href":"http:\/\/durnezadv.be\/fr\/wp-json\/wp\/v2\/pages\/4066\/revisions\/4067"}],"up":[{"embeddable":true,"href":"http:\/\/durnezadv.be\/fr\/wp-json\/wp\/v2\/pages\/4013"}],"wp:attachment":[{"href":"http:\/\/durnezadv.be\/fr\/wp-json\/wp\/v2\/media?parent=4066"}],"curies":[{"name":"wp","href":"https:\/\/api.w.org\/{rel}","templated":true}]}}