{"id":4064,"date":"2021-09-14T15:47:19","date_gmt":"2021-09-14T14:47:19","guid":{"rendered":"http:\/\/durnezadv.be\/affaires\/droit-de-la-circulation\/"},"modified":"2022-08-23T13:59:11","modified_gmt":"2022-08-23T12:59:11","slug":"droit-de-la-circulation","status":"publish","type":"page","link":"http:\/\/durnezadv.be\/fr\/affaires\/droit-de-la-circulation\/","title":{"rendered":"Droit de la circulation"},"content":{"rendered":"\t\t<div data-elementor-type=\"wp-post\" data-elementor-id=\"4064\" class=\"elementor elementor-4064 elementor-3627\">\n\t\t\t\t\t\t<div class=\"elementor-inner\">\n\t\t\t\t<div class=\"elementor-section-wrap\">\n\t\t\t\t\t\t\t\t\t<section class=\"elementor-section elementor-top-section elementor-element elementor-element-d7d8b56 elementor-section-boxed elementor-section-height-default elementor-section-height-default\" data-id=\"d7d8b56\" data-element_type=\"section\" data-settings=\"{&quot;background_background&quot;:&quot;classic&quot;}\">\n\t\t\t\t\t\t\t<div class=\"elementor-background-overlay\"><\/div>\n\t\t\t\t\t\t\t<div class=\"elementor-container elementor-column-gap-default\">\n\t\t\t\t\t\t\t<div class=\"elementor-row\">\n\t\t\t\t\t<div class=\"elementor-column elementor-col-33 elementor-top-column elementor-element elementor-element-b3d335b\" data-id=\"b3d335b\" data-element_type=\"column\">\n\t\t\t<div class=\"elementor-column-wrap\">\n\t\t\t\t\t\t\t<div class=\"elementor-widget-wrap\">\n\t\t\t\t\t\t\t\t<\/div>\n\t\t\t\t\t<\/div>\n\t\t<\/div>\n\t\t\t\t<div class=\"elementor-column elementor-col-33 elementor-top-column elementor-element elementor-element-fd69444\" data-id=\"fd69444\" data-element_type=\"column\">\n\t\t\t<div class=\"elementor-column-wrap elementor-element-populated\">\n\t\t\t\t\t\t\t<div class=\"elementor-widget-wrap\">\n\t\t\t\t\t\t<div class=\"elementor-element elementor-element-abcc2f2 elementor-widget elementor-widget-heading\" data-id=\"abcc2f2\" data-element_type=\"widget\" data-widget_type=\"heading.default\">\n\t\t\t\t<div class=\"elementor-widget-container\">\n\t\t\t<h1 class=\"elementor-heading-title elementor-size-default\">Chez soi dans notre m\u00e9tier<\/h1>\t\t<\/div>\n\t\t\t\t<\/div>\n\t\t\t\t\t\t<\/div>\n\t\t\t\t\t<\/div>\n\t\t<\/div>\n\t\t\t\t<div class=\"elementor-column elementor-col-33 elementor-top-column elementor-element elementor-element-674669b\" data-id=\"674669b\" data-element_type=\"column\">\n\t\t\t<div class=\"elementor-column-wrap\">\n\t\t\t\t\t\t\t<div class=\"elementor-widget-wrap\">\n\t\t\t\t\t\t\t\t<\/div>\n\t\t\t\t\t<\/div>\n\t\t<\/div>\n\t\t\t\t\t\t\t\t<\/div>\n\t\t\t\t\t<\/div>\n\t\t<\/section>\n\t\t\t\t<section class=\"elementor-section elementor-top-section elementor-element elementor-element-145056e elementor-section-boxed elementor-section-height-default elementor-section-height-default\" data-id=\"145056e\" data-element_type=\"section\">\n\t\t\t\t\t\t<div class=\"elementor-container elementor-column-gap-default\">\n\t\t\t\t\t\t\t<div class=\"elementor-row\">\n\t\t\t\t\t<div class=\"elementor-column elementor-col-100 elementor-top-column elementor-element elementor-element-7670c96\" data-id=\"7670c96\" data-element_type=\"column\">\n\t\t\t<div class=\"elementor-column-wrap elementor-element-populated\">\n\t\t\t\t\t\t\t<div class=\"elementor-widget-wrap\">\n\t\t\t\t\t\t<div class=\"elementor-element elementor-element-99240ff elementor-widget elementor-widget-heading\" data-id=\"99240ff\" data-element_type=\"widget\" data-widget_type=\"heading.default\">\n\t\t\t\t<div class=\"elementor-widget-container\">\n\t\t\t<h3 class=\"elementor-heading-title elementor-size-default\">Droit de la circulation<\/h3>\t\t<\/div>\n\t\t\t\t<\/div>\n\t\t\t\t<div class=\"elementor-element elementor-element-6416d91 elementor-widget-divider--view-line elementor-widget elementor-widget-divider\" data-id=\"6416d91\" data-element_type=\"widget\" data-widget_type=\"divider.default\">\n\t\t\t\t<div class=\"elementor-widget-container\">\n\t\t\t\t\t<div class=\"elementor-divider\">\n\t\t\t<span class=\"elementor-divider-separator\">\n\t\t\t\t\t\t<\/span>\n\t\t<\/div>\n\t\t\t\t<\/div>\n\t\t\t\t<\/div>\n\t\t\t\t<div class=\"elementor-element elementor-element-fa1a620 elementor-widget elementor-widget-text-editor\" data-id=\"fa1a620\" data-element_type=\"widget\" data-widget_type=\"text-editor.default\">\n\t\t\t\t<div class=\"elementor-widget-container\">\n\t\t\t\t\t\t\t\t<div class=\"elementor-text-editor elementor-clearfix\">\n\t\t\t\t<p>Le cabinet d\u2019avocats Durnez peut se pr\u00e9valoir d\u2019une connaissance approfondie et d\u2019une exp\u00e9rience pratique dans le suivi et le traitement des infractions au Code de la route, des accidents de la route et des questions d\u2019assurance connexes.<\/p><p>Vous pouvez compter sur nous pour les questions et les proc\u00e9dures relatives aux points suivants :<\/p><ul><li>Assurance responsabilit\u00e9 civile automobile, assurance protection juridique, conduite non assur\u00e9e et cons\u00e9quences particuli\u00e8res connexes<\/li><li>Interventions et n\u00e9gociations avec les assureurs propres, ceux de la partie adverse, le Fonds commun de garantie, etc<\/li><li>Interventions et n\u00e9gociations avec les parquets<\/li><li>Mise en place d\u2019expertises (judiciaires) concernant les dommages au v\u00e9hicule, les dommages corporels, etc.<\/li><li>R\u00e8glements et proc\u00e9dures devant les tribunaux de police (Ned, Fr), et ce, dans le domaine tant civil que p\u00e9nal (par exemple : vitesse, coups et blessures involontaires, intoxication alcoolique, ivresse, consommation de drogues dans la circulation, d\u00e9lit de fuite, r\u00e9cidive, etc.)<\/li><li>R\u00e9glementations et proc\u00e9dures relatives aux usagers vuln\u00e9rables de la route (articles 29bis et 29ter de la loi relative \u00e0 l\u2019assurance obligatoire de la responsabilit\u00e9 en mati\u00e8re de v\u00e9hicules automoteurs)<\/li><li>\u2026\u2026<\/li><\/ul><p>Nous traitons ces questions tant du point de vue de l\u2019auteur que du point de vue de la victime.<\/p><p>Nous avons plaid\u00e9 avec succ\u00e8s diff\u00e9rentes affaires devant les plus hautes juridictions.<\/p><ul><li>Trib. de Louvain, 16\/04\/1985, Droit de la circulation 1985, 139 (priorit\u00e9)<\/li><li>Trib. corr. de Louvain, 22\/06\/99, Rechtskundig Weekblad 00-01, 665 avec note de F Goossens (probation dans les infractions routi\u00e8res)<\/li><li>Cour d\u2019arbitrage, 13\/07\/01, Rechtskundig Weekblad 02-03,131 (retrait imm\u00e9diat du permis de conduire &#8211; discrimination)<\/li><li>Trib. de Louvain, 04\/01\/02, Droit de la circulation 02, num\u00e9ro 3, 89 (piste cyclable d\u00e9fectueuse &#8211; responsabilit\u00e9 des pouvoirs publics)<\/li><li>Cass., 19\/03\/02, Jura.be &#8211; circulation routi\u00e8re, Arr. Cass. 2002, n\u00b0 3, 830 ; http:\/\/www.cass.be (23 avril 2002) ; Pas. 2002, n\u00b0 3, 756 ; T. p\u00e9nal 2003, n\u00b0 1, 30 (retrait imm\u00e9diat du permis de conduire)<\/li><li>Cass. (2e ch.) AR P.02.1583.N, 8 avril 2003 (L.P.), Arr. Cass. 2003, n\u00b0 4, 917 ; http:\/\/www.cass.be (23 mai 2003) ; Pas. 2003, n\u00b0 4, 764 ; Droit de la circulation 2003, n\u00b0 7, 253 (preuves dans les affaires p\u00e9nales &#8211; valeur probante des rapports officiels &#8211; pr\u00e9somption d\u2019innocence)<\/li><li>Cour d\u2019arbitrage n\u00b0 154\/2004, 22\/09\/04, jura.be et Rechtskundig Weekblad 04-05, 936 (retrait du permis de conduire)<\/li><li> Cass. (2e ch.) AR P.20.0528.N, 6 octobre 2020 (K M L V D B), https:\/\/juportal.be (8 octobre 2020) ; RW 2020-21 (r\u00e9sum\u00e9), n\u00b0 23, 898 et http:\/\/www.rw.be\/ (30 janvier 2021), note &#8211; ; VAV 2021, n\u00b0 1, 51 (test d\u2019alcool\u00e9mie et test de drogue &#8211; marge d\u2019erreur)<\/li><li>Cass. (2e ch.) AR P.20.1294.N, 16 mars 2021 (D. F. C. D. K.) https:\/\/juportal.be (12 avril 2021) (d\u00e9ch\u00e9ance du droit de conduire &#8211; aggravation de la peine)<\/li><li><p>Cass. (2e ch.) AR P.02.1583.N, 8 avril 2003 (L.P.) Arr. Cass. 2003, n\u00b0 4, 917 ; https:\/\/juportal.be (23 mai 2003) ; Pas. 2003, n\u00b0 4, 764 ; Droit de la circulation 2003, n\u00b0 7, 253 (preuves dans les affaires p\u00e9nales &#8211; valeur probante d\u2019un proc\u00e8s-verbal)<\/p><\/li><\/ul>\t\t\t\t\t<\/div>\n\t\t\t\t\t\t<\/div>\n\t\t\t\t<\/div>\n\t\t\t\t\t\t<\/div>\n\t\t\t\t\t<\/div>\n\t\t<\/div>\n\t\t\t\t\t\t\t\t<\/div>\n\t\t\t\t\t<\/div>\n\t\t<\/section>\n\t\t\t\t\t\t\t\t\t<\/div>\n\t\t\t<\/div>\n\t\t\t\t\t<\/div>\n\t\t","protected":false},"excerpt":{"rendered":"<p>Chez soi dans notre m\u00e9tier Droit de la circulation Le cabinet d\u2019avocats Durnez peut se pr\u00e9valoir d\u2019une connaissance approfondie et d\u2019une exp\u00e9rience pratique dans le suivi et le traitement des infractions au Code de la route, des accidents de la route et des questions d\u2019assurance connexes. Vous pouvez compter sur nous pour les questions et &hellip;<\/p>\n<p class=\"read-more\"> <a class=\"\" href=\"http:\/\/durnezadv.be\/fr\/affaires\/droit-de-la-circulation\/\"> <span class=\"screen-reader-text\">Droit de la circulation<\/span> Lire la suite\u00a0\u00bb<\/a><\/p>\n","protected":false},"author":5,"featured_media":0,"parent":4013,"menu_order":0,"comment_status":"closed","ping_status":"closed","template":"","meta":{"site-sidebar-layout":"no-sidebar","site-content-layout":"page-builder","ast-global-header-display":"","ast-main-header-display":"","ast-hfb-above-header-display":"","ast-hfb-below-header-display":"","ast-hfb-mobile-header-display":"","site-post-title":"disabled","ast-breadcrumbs-content":"","ast-featured-img":"disabled","footer-sml-layout":"","theme-transparent-header-meta":"enabled","adv-header-id-meta":"","stick-header-meta":"","header-above-stick-meta":"","header-main-stick-meta":"","header-below-stick-meta":""},"_links":{"self":[{"href":"http:\/\/durnezadv.be\/fr\/wp-json\/wp\/v2\/pages\/4064"}],"collection":[{"href":"http:\/\/durnezadv.be\/fr\/wp-json\/wp\/v2\/pages"}],"about":[{"href":"http:\/\/durnezadv.be\/fr\/wp-json\/wp\/v2\/types\/page"}],"author":[{"embeddable":true,"href":"http:\/\/durnezadv.be\/fr\/wp-json\/wp\/v2\/users\/5"}],"replies":[{"embeddable":true,"href":"http:\/\/durnezadv.be\/fr\/wp-json\/wp\/v2\/comments?post=4064"}],"version-history":[{"count":1,"href":"http:\/\/durnezadv.be\/fr\/wp-json\/wp\/v2\/pages\/4064\/revisions"}],"predecessor-version":[{"id":4065,"href":"http:\/\/durnezadv.be\/fr\/wp-json\/wp\/v2\/pages\/4064\/revisions\/4065"}],"up":[{"embeddable":true,"href":"http:\/\/durnezadv.be\/fr\/wp-json\/wp\/v2\/pages\/4013"}],"wp:attachment":[{"href":"http:\/\/durnezadv.be\/fr\/wp-json\/wp\/v2\/media?parent=4064"}],"curies":[{"name":"wp","href":"https:\/\/api.w.org\/{rel}","templated":true}]}}