{"id":4062,"date":"2021-09-14T15:42:03","date_gmt":"2021-09-14T14:42:03","guid":{"rendered":"http:\/\/durnezadv.be\/affaires\/droit-du-travail\/"},"modified":"2022-08-23T13:52:20","modified_gmt":"2022-08-23T12:52:20","slug":"droit-du-travail","status":"publish","type":"page","link":"http:\/\/durnezadv.be\/fr\/affaires\/droit-du-travail\/","title":{"rendered":"Droit du travail"},"content":{"rendered":"\t\t<div data-elementor-type=\"wp-post\" data-elementor-id=\"4062\" class=\"elementor elementor-4062 elementor-3616\">\n\t\t\t\t\t\t<div class=\"elementor-inner\">\n\t\t\t\t<div class=\"elementor-section-wrap\">\n\t\t\t\t\t\t\t\t\t<section class=\"elementor-section elementor-top-section elementor-element elementor-element-d7d8b56 elementor-section-boxed elementor-section-height-default elementor-section-height-default\" data-id=\"d7d8b56\" data-element_type=\"section\" data-settings=\"{&quot;background_background&quot;:&quot;classic&quot;}\">\n\t\t\t\t\t\t\t<div class=\"elementor-background-overlay\"><\/div>\n\t\t\t\t\t\t\t<div class=\"elementor-container elementor-column-gap-default\">\n\t\t\t\t\t\t\t<div class=\"elementor-row\">\n\t\t\t\t\t<div class=\"elementor-column elementor-col-33 elementor-top-column elementor-element elementor-element-b3d335b\" data-id=\"b3d335b\" data-element_type=\"column\">\n\t\t\t<div class=\"elementor-column-wrap\">\n\t\t\t\t\t\t\t<div class=\"elementor-widget-wrap\">\n\t\t\t\t\t\t\t\t<\/div>\n\t\t\t\t\t<\/div>\n\t\t<\/div>\n\t\t\t\t<div class=\"elementor-column elementor-col-33 elementor-top-column elementor-element elementor-element-fd69444\" data-id=\"fd69444\" data-element_type=\"column\">\n\t\t\t<div class=\"elementor-column-wrap elementor-element-populated\">\n\t\t\t\t\t\t\t<div class=\"elementor-widget-wrap\">\n\t\t\t\t\t\t<div class=\"elementor-element elementor-element-abcc2f2 elementor-widget elementor-widget-heading\" data-id=\"abcc2f2\" data-element_type=\"widget\" data-widget_type=\"heading.default\">\n\t\t\t\t<div class=\"elementor-widget-container\">\n\t\t\t<h1 class=\"elementor-heading-title elementor-size-default\">Chez soi dans notre m\u00e9tier<\/h1>\t\t<\/div>\n\t\t\t\t<\/div>\n\t\t\t\t\t\t<\/div>\n\t\t\t\t\t<\/div>\n\t\t<\/div>\n\t\t\t\t<div class=\"elementor-column elementor-col-33 elementor-top-column elementor-element elementor-element-674669b\" data-id=\"674669b\" data-element_type=\"column\">\n\t\t\t<div class=\"elementor-column-wrap\">\n\t\t\t\t\t\t\t<div class=\"elementor-widget-wrap\">\n\t\t\t\t\t\t\t\t<\/div>\n\t\t\t\t\t<\/div>\n\t\t<\/div>\n\t\t\t\t\t\t\t\t<\/div>\n\t\t\t\t\t<\/div>\n\t\t<\/section>\n\t\t\t\t<section class=\"elementor-section elementor-top-section elementor-element elementor-element-145056e elementor-section-boxed elementor-section-height-default elementor-section-height-default\" data-id=\"145056e\" data-element_type=\"section\">\n\t\t\t\t\t\t<div class=\"elementor-container elementor-column-gap-default\">\n\t\t\t\t\t\t\t<div class=\"elementor-row\">\n\t\t\t\t\t<div class=\"elementor-column elementor-col-100 elementor-top-column elementor-element elementor-element-7670c96\" data-id=\"7670c96\" data-element_type=\"column\">\n\t\t\t<div class=\"elementor-column-wrap elementor-element-populated\">\n\t\t\t\t\t\t\t<div class=\"elementor-widget-wrap\">\n\t\t\t\t\t\t<div class=\"elementor-element elementor-element-99240ff elementor-widget elementor-widget-heading\" data-id=\"99240ff\" data-element_type=\"widget\" data-widget_type=\"heading.default\">\n\t\t\t\t<div class=\"elementor-widget-container\">\n\t\t\t<h3 class=\"elementor-heading-title elementor-size-default\">Droit du travail et droit social :<\/h3>\t\t<\/div>\n\t\t\t\t<\/div>\n\t\t\t\t<div class=\"elementor-element elementor-element-6416d91 elementor-widget-divider--view-line elementor-widget elementor-widget-divider\" data-id=\"6416d91\" data-element_type=\"widget\" data-widget_type=\"divider.default\">\n\t\t\t\t<div class=\"elementor-widget-container\">\n\t\t\t\t\t<div class=\"elementor-divider\">\n\t\t\t<span class=\"elementor-divider-separator\">\n\t\t\t\t\t\t<\/span>\n\t\t<\/div>\n\t\t\t\t<\/div>\n\t\t\t\t<\/div>\n\t\t\t\t<div class=\"elementor-element elementor-element-fa1a620 elementor-widget elementor-widget-text-editor\" data-id=\"fa1a620\" data-element_type=\"widget\" data-widget_type=\"text-editor.default\">\n\t\t\t\t<div class=\"elementor-widget-container\">\n\t\t\t\t\t\t\t\t<div class=\"elementor-text-editor elementor-clearfix\">\n\t\t\t\t<p>Le cabinet d\u2019avocats Durnez peut se pr\u00e9valoir d\u2019une connaissance approfondie et d\u2019une exp\u00e9rience pratique dans les domaines du droit du travail, des litiges sociaux, des accidents du travail et du droit p\u00e9nal social.<\/p><p>Vous pouvez compter sur nous pour les questions et proc\u00e9dures relatives aux points suivants, par exemple :<\/p><ul><li>Organisation de l\u2019occupation (salari\u00e9 ou ind\u00e9pendant, statutaire, r\u00e9daction du contrat de travail, r\u00e8glement de travail, recrutement ou licenciement de personnel, concurrence d\u00e9loyale, occupation d\u2019expatri\u00e9s)<\/li><li>Probl\u00e8mes li\u00e9s \u00e0 l\u2019occupation (n\u00e9gociations salariales, statut prot\u00e9g\u00e9, troubles sociaux, gr\u00e8ve, comportement inappropri\u00e9, discrimination, plans de stock-options, droits intellectuels, etc.)<\/li><li>R\u00e8glements et proc\u00e9dures li\u00e9s au fonctionnement de l\u2019entreprise (application de la commission paritaire, CCT 32bis en cas de transfert, \u00e9lections sociales, inspection sociale, etc.)<\/li><li>R\u00e8glements et proc\u00e9dures relatifs \u00e0 la responsabilit\u00e9 des salari\u00e9s et des dirigeants<\/li><li>Dispositions et proc\u00e9dures en mati\u00e8re de licenciement (faute grave, etc.), de reclassement, de retraite, etc. Ceci tant dans le cadre d\u2019un statut que d\u2019un contrat de travail<\/li><li>\u2026<\/li><\/ul><p>ous traitons ces questions du point de vue de l\u2019employeur et du salari\u00e9.<\/p><p>Plusieurs r\u00e9sultats de notre cabinet dans ces mati\u00e8res ont \u00e9t\u00e9 publi\u00e9s dans la litt\u00e9rature professionnelle juridique. En voici quelques exemples :<\/p><ul><li>Tribunal du Travail de Bruxelles, 28\/03\/1988, Rechtskundig Weekblad 88-89, 371 (responsabilit\u00e9 du salari\u00e9 &#8211; fourniture du travail)<\/li><li>Cour du Travail de Bruxelles, 17\/10\/00, Rechtskundig Weekblad 01-02, 127 (licenciement pour motif grave &#8211; langage sexiste).<\/li><li>\u2022 Tribunal du Travail de Bruxelles, 4 juin 2019, Rechtskundig Weekblad 2019-20, 68 et mentionn\u00e9 dans VAN EECKHOUTTE, W., Sociaal Compendium. Arbeidsrecht met fiscale notities, 2664-2756 (93 p.) (licenciement manifestement d\u00e9raisonnable)<\/li><\/ul>\t\t\t\t\t<\/div>\n\t\t\t\t\t\t<\/div>\n\t\t\t\t<\/div>\n\t\t\t\t\t\t<\/div>\n\t\t\t\t\t<\/div>\n\t\t<\/div>\n\t\t\t\t\t\t\t\t<\/div>\n\t\t\t\t\t<\/div>\n\t\t<\/section>\n\t\t\t\t\t\t\t\t\t<\/div>\n\t\t\t<\/div>\n\t\t\t\t\t<\/div>\n\t\t","protected":false},"excerpt":{"rendered":"<p>Chez soi dans notre m\u00e9tier Droit du travail et droit social : Le cabinet d\u2019avocats Durnez peut se pr\u00e9valoir d\u2019une connaissance approfondie et d\u2019une exp\u00e9rience pratique dans les domaines du droit du travail, des litiges sociaux, des accidents du travail et du droit p\u00e9nal social. Vous pouvez compter sur nous pour les questions et proc\u00e9dures &hellip;<\/p>\n<p class=\"read-more\"> <a class=\"\" href=\"http:\/\/durnezadv.be\/fr\/affaires\/droit-du-travail\/\"> <span class=\"screen-reader-text\">Droit du travail<\/span> Lire la suite\u00a0\u00bb<\/a><\/p>\n","protected":false},"author":5,"featured_media":0,"parent":4013,"menu_order":0,"comment_status":"closed","ping_status":"closed","template":"","meta":{"site-sidebar-layout":"no-sidebar","site-content-layout":"page-builder","ast-global-header-display":"","ast-main-header-display":"","ast-hfb-above-header-display":"","ast-hfb-below-header-display":"","ast-hfb-mobile-header-display":"","site-post-title":"disabled","ast-breadcrumbs-content":"","ast-featured-img":"disabled","footer-sml-layout":"","theme-transparent-header-meta":"enabled","adv-header-id-meta":"","stick-header-meta":"","header-above-stick-meta":"","header-main-stick-meta":"","header-below-stick-meta":""},"_links":{"self":[{"href":"http:\/\/durnezadv.be\/fr\/wp-json\/wp\/v2\/pages\/4062"}],"collection":[{"href":"http:\/\/durnezadv.be\/fr\/wp-json\/wp\/v2\/pages"}],"about":[{"href":"http:\/\/durnezadv.be\/fr\/wp-json\/wp\/v2\/types\/page"}],"author":[{"embeddable":true,"href":"http:\/\/durnezadv.be\/fr\/wp-json\/wp\/v2\/users\/5"}],"replies":[{"embeddable":true,"href":"http:\/\/durnezadv.be\/fr\/wp-json\/wp\/v2\/comments?post=4062"}],"version-history":[{"count":1,"href":"http:\/\/durnezadv.be\/fr\/wp-json\/wp\/v2\/pages\/4062\/revisions"}],"predecessor-version":[{"id":4063,"href":"http:\/\/durnezadv.be\/fr\/wp-json\/wp\/v2\/pages\/4062\/revisions\/4063"}],"up":[{"embeddable":true,"href":"http:\/\/durnezadv.be\/fr\/wp-json\/wp\/v2\/pages\/4013"}],"wp:attachment":[{"href":"http:\/\/durnezadv.be\/fr\/wp-json\/wp\/v2\/media?parent=4062"}],"curies":[{"name":"wp","href":"https:\/\/api.w.org\/{rel}","templated":true}]}}