{"id":4060,"date":"2021-09-14T15:38:27","date_gmt":"2021-09-14T14:38:27","guid":{"rendered":"http:\/\/durnezadv.be\/affaires\/droit-des-societes\/"},"modified":"2022-08-23T13:45:30","modified_gmt":"2022-08-23T12:45:30","slug":"droit-des-societes","status":"publish","type":"page","link":"http:\/\/durnezadv.be\/fr\/affaires\/droit-des-societes\/","title":{"rendered":"Droit des soci\u00e9tes"},"content":{"rendered":"\t\t<div data-elementor-type=\"wp-post\" data-elementor-id=\"4060\" class=\"elementor elementor-4060 elementor-3611\">\n\t\t\t\t\t\t<div class=\"elementor-inner\">\n\t\t\t\t<div class=\"elementor-section-wrap\">\n\t\t\t\t\t\t\t\t\t<section class=\"elementor-section elementor-top-section elementor-element elementor-element-d7d8b56 elementor-section-boxed elementor-section-height-default elementor-section-height-default\" data-id=\"d7d8b56\" data-element_type=\"section\" data-settings=\"{&quot;background_background&quot;:&quot;classic&quot;}\">\n\t\t\t\t\t\t\t<div class=\"elementor-background-overlay\"><\/div>\n\t\t\t\t\t\t\t<div class=\"elementor-container elementor-column-gap-default\">\n\t\t\t\t\t\t\t<div class=\"elementor-row\">\n\t\t\t\t\t<div class=\"elementor-column elementor-col-33 elementor-top-column elementor-element elementor-element-b3d335b\" data-id=\"b3d335b\" data-element_type=\"column\">\n\t\t\t<div class=\"elementor-column-wrap\">\n\t\t\t\t\t\t\t<div class=\"elementor-widget-wrap\">\n\t\t\t\t\t\t\t\t<\/div>\n\t\t\t\t\t<\/div>\n\t\t<\/div>\n\t\t\t\t<div class=\"elementor-column elementor-col-33 elementor-top-column elementor-element elementor-element-fd69444\" data-id=\"fd69444\" data-element_type=\"column\">\n\t\t\t<div class=\"elementor-column-wrap elementor-element-populated\">\n\t\t\t\t\t\t\t<div class=\"elementor-widget-wrap\">\n\t\t\t\t\t\t<div class=\"elementor-element elementor-element-abcc2f2 elementor-widget elementor-widget-heading\" data-id=\"abcc2f2\" data-element_type=\"widget\" data-widget_type=\"heading.default\">\n\t\t\t\t<div class=\"elementor-widget-container\">\n\t\t\t<h1 class=\"elementor-heading-title elementor-size-default\">Chez soi dans notre m\u00e9tier<\/h1>\t\t<\/div>\n\t\t\t\t<\/div>\n\t\t\t\t\t\t<\/div>\n\t\t\t\t\t<\/div>\n\t\t<\/div>\n\t\t\t\t<div class=\"elementor-column elementor-col-33 elementor-top-column elementor-element elementor-element-674669b\" data-id=\"674669b\" data-element_type=\"column\">\n\t\t\t<div class=\"elementor-column-wrap\">\n\t\t\t\t\t\t\t<div class=\"elementor-widget-wrap\">\n\t\t\t\t\t\t\t\t<\/div>\n\t\t\t\t\t<\/div>\n\t\t<\/div>\n\t\t\t\t\t\t\t\t<\/div>\n\t\t\t\t\t<\/div>\n\t\t<\/section>\n\t\t\t\t<section class=\"elementor-section elementor-top-section elementor-element elementor-element-145056e elementor-section-boxed elementor-section-height-default elementor-section-height-default\" data-id=\"145056e\" data-element_type=\"section\">\n\t\t\t\t\t\t<div class=\"elementor-container elementor-column-gap-default\">\n\t\t\t\t\t\t\t<div class=\"elementor-row\">\n\t\t\t\t\t<div class=\"elementor-column elementor-col-100 elementor-top-column elementor-element elementor-element-7670c96\" data-id=\"7670c96\" data-element_type=\"column\">\n\t\t\t<div class=\"elementor-column-wrap elementor-element-populated\">\n\t\t\t\t\t\t\t<div class=\"elementor-widget-wrap\">\n\t\t\t\t\t\t<div class=\"elementor-element elementor-element-99240ff elementor-widget elementor-widget-heading\" data-id=\"99240ff\" data-element_type=\"widget\" data-widget_type=\"heading.default\">\n\t\t\t\t<div class=\"elementor-widget-container\">\n\t\t\t<h3 class=\"elementor-heading-title elementor-size-default\">Soci\u00e9t\u00e9s, fusions et transferts<\/h3>\t\t<\/div>\n\t\t\t\t<\/div>\n\t\t\t\t<div class=\"elementor-element elementor-element-6416d91 elementor-widget-divider--view-line elementor-widget elementor-widget-divider\" data-id=\"6416d91\" data-element_type=\"widget\" data-widget_type=\"divider.default\">\n\t\t\t\t<div class=\"elementor-widget-container\">\n\t\t\t\t\t<div class=\"elementor-divider\">\n\t\t\t<span class=\"elementor-divider-separator\">\n\t\t\t\t\t\t<\/span>\n\t\t<\/div>\n\t\t\t\t<\/div>\n\t\t\t\t<\/div>\n\t\t\t\t<div class=\"elementor-element elementor-element-fa1a620 elementor-widget elementor-widget-text-editor\" data-id=\"fa1a620\" data-element_type=\"widget\" data-widget_type=\"text-editor.default\">\n\t\t\t\t<div class=\"elementor-widget-container\">\n\t\t\t\t\t\t\t\t<div class=\"elementor-text-editor elementor-clearfix\">\n\t\t\t\tLe cabinet d\u2019avocats Durnez peut se pr\u00e9valoir d\u2019une connaissance approfondie et d\u2019une exp\u00e9rience pratique en mati\u00e8re de suivi et de traitement des diff\u00e9rents aspects du droit des soci\u00e9t\u00e9s :\n<ul>\n \t<li>fusions et acquisitions<\/li>\n \t<li>coentreprises, restructurations, participations, plans d\u2019incitation, etc.<\/li>\n \t<li>gouvernance d\u2019entreprise<\/li>\n \t<li>boardroom counseling<\/li>\n<\/ul>\nJurisprudence publi\u00e9e :<\/ul>\n<ul>\n \t<li>Doctrine juridique &#8211; 01\/09\/2020 &#8211; Contributions \u00e0 l\u2019ouvrage &#8211; In : GIELIS, M., De aankoop van een vennootschap die onroerend goed bezit of de aankoop door een vennootschap \u201cfiscale en andere aandachtspunten\u201d, VIII.P &#8211; 3 &#8211; VIII.P &#8211; 420 (2594 p.) &#8211; Septembre 2020<\/li>\n<\/ul>\t\t\t\t\t<\/div>\n\t\t\t\t\t\t<\/div>\n\t\t\t\t<\/div>\n\t\t\t\t\t\t<\/div>\n\t\t\t\t\t<\/div>\n\t\t<\/div>\n\t\t\t\t\t\t\t\t<\/div>\n\t\t\t\t\t<\/div>\n\t\t<\/section>\n\t\t\t\t\t\t\t\t\t<\/div>\n\t\t\t<\/div>\n\t\t\t\t\t<\/div>\n\t\t","protected":false},"excerpt":{"rendered":"<p>Chez soi dans notre m\u00e9tier Soci\u00e9t\u00e9s, fusions et transferts Le cabinet d\u2019avocats Durnez peut se pr\u00e9valoir d\u2019une connaissance approfondie et d\u2019une exp\u00e9rience pratique en mati\u00e8re de suivi et de traitement des diff\u00e9rents aspects du droit des soci\u00e9t\u00e9s : fusions et acquisitions coentreprises, restructurations, participations, plans d\u2019incitation, etc. gouvernance d\u2019entreprise boardroom counseling Jurisprudence publi\u00e9e : Doctrine &hellip;<\/p>\n<p class=\"read-more\"> <a class=\"\" href=\"http:\/\/durnezadv.be\/fr\/affaires\/droit-des-societes\/\"> <span class=\"screen-reader-text\">Droit des soci\u00e9tes<\/span> Lire la suite\u00a0\u00bb<\/a><\/p>\n","protected":false},"author":5,"featured_media":0,"parent":4013,"menu_order":0,"comment_status":"closed","ping_status":"closed","template":"","meta":{"site-sidebar-layout":"no-sidebar","site-content-layout":"page-builder","ast-global-header-display":"","ast-main-header-display":"","ast-hfb-above-header-display":"","ast-hfb-below-header-display":"","ast-hfb-mobile-header-display":"","site-post-title":"disabled","ast-breadcrumbs-content":"","ast-featured-img":"disabled","footer-sml-layout":"","theme-transparent-header-meta":"enabled","adv-header-id-meta":"","stick-header-meta":"","header-above-stick-meta":"","header-main-stick-meta":"","header-below-stick-meta":""},"_links":{"self":[{"href":"http:\/\/durnezadv.be\/fr\/wp-json\/wp\/v2\/pages\/4060"}],"collection":[{"href":"http:\/\/durnezadv.be\/fr\/wp-json\/wp\/v2\/pages"}],"about":[{"href":"http:\/\/durnezadv.be\/fr\/wp-json\/wp\/v2\/types\/page"}],"author":[{"embeddable":true,"href":"http:\/\/durnezadv.be\/fr\/wp-json\/wp\/v2\/users\/5"}],"replies":[{"embeddable":true,"href":"http:\/\/durnezadv.be\/fr\/wp-json\/wp\/v2\/comments?post=4060"}],"version-history":[{"count":1,"href":"http:\/\/durnezadv.be\/fr\/wp-json\/wp\/v2\/pages\/4060\/revisions"}],"predecessor-version":[{"id":4061,"href":"http:\/\/durnezadv.be\/fr\/wp-json\/wp\/v2\/pages\/4060\/revisions\/4061"}],"up":[{"embeddable":true,"href":"http:\/\/durnezadv.be\/fr\/wp-json\/wp\/v2\/pages\/4013"}],"wp:attachment":[{"href":"http:\/\/durnezadv.be\/fr\/wp-json\/wp\/v2\/media?parent=4060"}],"curies":[{"name":"wp","href":"https:\/\/api.w.org\/{rel}","templated":true}]}}