{"id":4056,"date":"2021-09-14T15:24:58","date_gmt":"2021-09-14T14:24:58","guid":{"rendered":"http:\/\/durnezadv.be\/affaires\/droit-de-lentreprise-et-droit-des-societes\/"},"modified":"2022-08-23T13:40:56","modified_gmt":"2022-08-23T12:40:56","slug":"droit-de-lentreprise-et-droit-des-societes","status":"publish","type":"page","link":"http:\/\/durnezadv.be\/fr\/affaires\/droit-de-lentreprise-et-droit-des-societes\/","title":{"rendered":"Droit de l&rsquo;entreprise et droit des soci\u00e9t\u00e9s"},"content":{"rendered":"\t\t<div data-elementor-type=\"wp-post\" data-elementor-id=\"4056\" class=\"elementor elementor-4056 elementor-3596\">\n\t\t\t\t\t\t<div class=\"elementor-inner\">\n\t\t\t\t<div class=\"elementor-section-wrap\">\n\t\t\t\t\t\t\t\t\t<section class=\"elementor-section elementor-top-section elementor-element elementor-element-d7d8b56 elementor-section-boxed elementor-section-height-default elementor-section-height-default\" data-id=\"d7d8b56\" data-element_type=\"section\" data-settings=\"{&quot;background_background&quot;:&quot;classic&quot;}\">\n\t\t\t\t\t\t\t<div class=\"elementor-background-overlay\"><\/div>\n\t\t\t\t\t\t\t<div class=\"elementor-container elementor-column-gap-default\">\n\t\t\t\t\t\t\t<div class=\"elementor-row\">\n\t\t\t\t\t<div class=\"elementor-column elementor-col-33 elementor-top-column elementor-element elementor-element-b3d335b\" data-id=\"b3d335b\" data-element_type=\"column\">\n\t\t\t<div class=\"elementor-column-wrap\">\n\t\t\t\t\t\t\t<div class=\"elementor-widget-wrap\">\n\t\t\t\t\t\t\t\t<\/div>\n\t\t\t\t\t<\/div>\n\t\t<\/div>\n\t\t\t\t<div class=\"elementor-column elementor-col-33 elementor-top-column elementor-element elementor-element-fd69444\" data-id=\"fd69444\" data-element_type=\"column\">\n\t\t\t<div class=\"elementor-column-wrap elementor-element-populated\">\n\t\t\t\t\t\t\t<div class=\"elementor-widget-wrap\">\n\t\t\t\t\t\t<div class=\"elementor-element elementor-element-abcc2f2 elementor-widget elementor-widget-heading\" data-id=\"abcc2f2\" data-element_type=\"widget\" data-widget_type=\"heading.default\">\n\t\t\t\t<div class=\"elementor-widget-container\">\n\t\t\t<h1 class=\"elementor-heading-title elementor-size-default\">Chez soi dans notre m\u00e9tier<\/h1>\t\t<\/div>\n\t\t\t\t<\/div>\n\t\t\t\t\t\t<\/div>\n\t\t\t\t\t<\/div>\n\t\t<\/div>\n\t\t\t\t<div class=\"elementor-column elementor-col-33 elementor-top-column elementor-element elementor-element-674669b\" data-id=\"674669b\" data-element_type=\"column\">\n\t\t\t<div class=\"elementor-column-wrap\">\n\t\t\t\t\t\t\t<div class=\"elementor-widget-wrap\">\n\t\t\t\t\t\t\t\t<\/div>\n\t\t\t\t\t<\/div>\n\t\t<\/div>\n\t\t\t\t\t\t\t\t<\/div>\n\t\t\t\t\t<\/div>\n\t\t<\/section>\n\t\t\t\t<section class=\"elementor-section elementor-top-section elementor-element elementor-element-145056e elementor-section-boxed elementor-section-height-default elementor-section-height-default\" data-id=\"145056e\" data-element_type=\"section\">\n\t\t\t\t\t\t<div class=\"elementor-container elementor-column-gap-default\">\n\t\t\t\t\t\t\t<div class=\"elementor-row\">\n\t\t\t\t\t<div class=\"elementor-column elementor-col-100 elementor-top-column elementor-element elementor-element-7670c96\" data-id=\"7670c96\" data-element_type=\"column\">\n\t\t\t<div class=\"elementor-column-wrap elementor-element-populated\">\n\t\t\t\t\t\t\t<div class=\"elementor-widget-wrap\">\n\t\t\t\t\t\t<div class=\"elementor-element elementor-element-99240ff elementor-widget elementor-widget-heading\" data-id=\"99240ff\" data-element_type=\"widget\" data-widget_type=\"heading.default\">\n\t\t\t\t<div class=\"elementor-widget-container\">\n\t\t\t<h3 class=\"elementor-heading-title elementor-size-default\">Droit des soci\u00e9t\u00e9s et droit des soci\u00e9t\u00e9s<\/h3>\t\t<\/div>\n\t\t\t\t<\/div>\n\t\t\t\t<div class=\"elementor-element elementor-element-6416d91 elementor-widget-divider--view-line elementor-widget elementor-widget-divider\" data-id=\"6416d91\" data-element_type=\"widget\" data-widget_type=\"divider.default\">\n\t\t\t\t<div class=\"elementor-widget-container\">\n\t\t\t\t\t<div class=\"elementor-divider\">\n\t\t\t<span class=\"elementor-divider-separator\">\n\t\t\t\t\t\t<\/span>\n\t\t<\/div>\n\t\t\t\t<\/div>\n\t\t\t\t<\/div>\n\t\t\t\t<div class=\"elementor-element elementor-element-fa1a620 elementor-widget elementor-widget-text-editor\" data-id=\"fa1a620\" data-element_type=\"widget\" data-widget_type=\"text-editor.default\">\n\t\t\t\t<div class=\"elementor-widget-container\">\n\t\t\t\t\t\t\t\t<div class=\"elementor-text-editor elementor-clearfix\">\n\t\t\t\t<p>Durnez Avocats peut se pr\u00e9valoir d\u2019une connaissance approfondie et d\u2019une exp\u00e9rience pratique dans le suivi et le traitement des diff\u00e9rents aspects du droit commercial et du droit de l\u2019entreprise.<\/p><p>Vous pouvez compter sur nous pour les questions et proc\u00e9dures classiques relatives aux points suivants :<\/p><ul><li>R\u00e9daction de contrats (contrats de vente\/achat, pactes d\u2019actionnaires, conditions g\u00e9n\u00e9rales, baux commerciaux, contrats de distribution, etc.)<\/li><li>Responsabilit\u00e9 des administrateurs<\/li><li>Droit immobilier, droit de la construction et droit public et administratif (avec un accent particulier sur le droit environnemental et l\u2019urbanisme)<\/li><li>Restructuration des entreprises, coentreprises, fusions et acquisitions<\/li><li>Droit bancaire et financier, droit de gage immobilier, s\u00fbret\u00e9s, contrats de pr\u00eat<\/li><li>Droit de l\u2019insolvabilit\u00e9 et loi relative \u00e0 la continuit\u00e9 des entreprises<\/li><li>Droits intellectuels (brevets, marques, dessins et mod\u00e8les, droits d\u2019auteur, etc.)<\/li><li>Informatique, r\u00e9seaux, commerce \u00e9lectronique, protection des donn\u00e9es, etc.<\/li><li>Pratiques de march\u00e9 (notamment le droit de la publicit\u00e9 et de la consommation, les pratiques commerciales d\u00e9loyales et les distorsions de concurrence, etc.)<\/li><li>Droit de la distribution, droit de la concurrence et aspects r\u00e9glementaires<\/li><li>Droit des assurances<\/li><\/ul><p>Nous traitons ces affaires \u00e0 la fois devant les tribunaux et \u00e0 l\u2019amiable et prenons en compte les diff\u00e9rents aspects internationaux.<\/p><p>Nous disposons d\u2019un agr\u00e9ment pour le portefeuille PME pour nos services de conseil.<\/p><p><span style=\"font-size: 16px;\">Bon nombre des r\u00e9sultats que nous avons obtenus ont \u00e9t\u00e9 publi\u00e9s dans la litt\u00e9rature juridique.<\/span><\/p><h3>DROIT DE L\u2019INSOLVABILIT\u00c9<\/h3><ul><li>Tribunal de Commerce de Gand, 10\/01\/00, Rechtskundig Weekblad 00-01, 699 (r\u00e8glement judiciaire)<\/li><li>Bruxelles, 14\/03\/00, Rechtskundig Weekblad 00-01, 697 (faillite et excusabilit\u00e9)<\/li><li>Bruxelles, 06\/11\/01, Rechtskundig Weekblad 03-04, 66 (r\u00e8glement judiciaire et remise de dettes)<\/li><li>\u2022 Trib. de Louvain, 13\/09\/02, Rechtskundig Weekblad 03-04, 1274 (faillite et excusabilit\u00e9)<\/li><li>Anvers, 02\/04\/09, Rechtskundig Weekblad 10-11, 25 (faillite et excusabilit\u00e9)<\/li><li>Cour constitutionnelle n\u00b0 22\/2019, 14 f\u00e9vrier 2019 (question pr\u00e9judicielle) http:\/\/www.const-court.be (15 f\u00e9vrier 2019) ; MB 14 octobre 2019 (premi\u00e8re \u00e9dition) (extrait), 94283 et http:\/\/moniteur.be (15 octobre 2019) ; JLMB 2019 (r\u00e9sum\u00e9), n\u00b0 19, 915 et http:\/\/jlmbi.larcier.be\/ (12 juin 2019), note F.G. ; RW 2018-19 (r\u00e9sum\u00e9), n\u00b0 29, 1160 et http:\/\/www.rw.be\/ (3 avril 2019) ; RW 2018-19 (r\u00e9sum\u00e9), n\u00b0 39, 1544 et http:\/\/www.rw.be\/ (26 juin 2019), note (faillite &#8211; tierce d\u00e9fense)<\/li><\/ul><h3>PRATIQUES DU MARCH\u00c9 :<strong><\/strong><\/h3><ul><li>Tribunal de Commerce de Tongres, 26\/05\/1988, Rechtskundig Weekblad 88-89, 128, et TPR, Overzicht van Rechtspraak wet op de handelspraktijken 1983-1988, 289 (copie servile d\u2019un catalogue)<\/li><li>Tribunal de Commerce de Bruxelles, 19\/10\/1994, Annuaire des pratiques du commerce 1995, 543 (abus de position dominante)<\/li><li>Bruxelles, 21\/06\/1995, Rechtskundig Weekblad 95-96, 853 et AJT, 95-96, 497 et Annuaire des pratiques du commerce et de la concurrence 1995\/96, 567 (abus de position dominante \u00e9conomique &#8211; refus de vente)<\/li><li>Gand, 20\/10\/04, Rechtskundig Weekblad 07-08, 280 (offre conjointe &#8211; agent immobilier)<\/li><li>Tribunal de Commerce de Louvain, 11\/05\/2006, Juristenkrant 21\/06\/2006, n\u00b0 123 (publicit\u00e9 trompeuse &#8211; comp\u00e9tence internationale)<\/li><li>Anvers, 04\/06\/2015, NJW, 28\/12\/2016 (n\u00b0 353) p.918 (concurrence parasitaire &#8211; faute professionnelle &#8211; nom de domaine)<\/li><\/ul><h3>DROIT DU TRANSPORT<\/h3><ul><li>Tribunal de Commerce de Hasselt, 17\/10\/1996, Rechtskundig Weekblad 96-97, 1101 (CMR &#8211; demande d\u2019indemnisation)<\/li><li>(2e ch.) AR P.20.1298.N, 16 f\u00e9vrier 2021 (service de nettoyage), https:\/\/juportal.be (15 mars 2021) (tachygraphe &#8211; proc\u00e9dure p\u00e9nale)<\/li><\/ul><h3>DROIT DES SOCI\u00c9T\u00c9S<\/h3><ul><li>Tribunal de Commerce de Louvain, 22\/06\/99, TBH 2000, 654 (reprise forc\u00e9e d\u2019actions)<\/li><\/ul>\t\t\t\t\t<\/div>\n\t\t\t\t\t\t<\/div>\n\t\t\t\t<\/div>\n\t\t\t\t\t\t<\/div>\n\t\t\t\t\t<\/div>\n\t\t<\/div>\n\t\t\t\t\t\t\t\t<\/div>\n\t\t\t\t\t<\/div>\n\t\t<\/section>\n\t\t\t\t\t\t\t\t\t<\/div>\n\t\t\t<\/div>\n\t\t\t\t\t<\/div>\n\t\t","protected":false},"excerpt":{"rendered":"<p>Chez soi dans notre m\u00e9tier Droit des soci\u00e9t\u00e9s et droit des soci\u00e9t\u00e9s Durnez Avocats peut se pr\u00e9valoir d\u2019une connaissance approfondie et d\u2019une exp\u00e9rience pratique dans le suivi et le traitement des diff\u00e9rents aspects du droit commercial et du droit de l\u2019entreprise. Vous pouvez compter sur nous pour les questions et proc\u00e9dures classiques relatives aux points &hellip;<\/p>\n<p class=\"read-more\"> <a class=\"\" href=\"http:\/\/durnezadv.be\/fr\/affaires\/droit-de-lentreprise-et-droit-des-societes\/\"> <span class=\"screen-reader-text\">Droit de l&rsquo;entreprise et droit des soci\u00e9t\u00e9s<\/span> Lire la suite\u00a0\u00bb<\/a><\/p>\n","protected":false},"author":5,"featured_media":0,"parent":4013,"menu_order":0,"comment_status":"closed","ping_status":"closed","template":"","meta":{"site-sidebar-layout":"no-sidebar","site-content-layout":"page-builder","ast-global-header-display":"","ast-main-header-display":"","ast-hfb-above-header-display":"","ast-hfb-below-header-display":"","ast-hfb-mobile-header-display":"","site-post-title":"disabled","ast-breadcrumbs-content":"","ast-featured-img":"disabled","footer-sml-layout":"","theme-transparent-header-meta":"enabled","adv-header-id-meta":"","stick-header-meta":"","header-above-stick-meta":"","header-main-stick-meta":"","header-below-stick-meta":""},"_links":{"self":[{"href":"http:\/\/durnezadv.be\/fr\/wp-json\/wp\/v2\/pages\/4056"}],"collection":[{"href":"http:\/\/durnezadv.be\/fr\/wp-json\/wp\/v2\/pages"}],"about":[{"href":"http:\/\/durnezadv.be\/fr\/wp-json\/wp\/v2\/types\/page"}],"author":[{"embeddable":true,"href":"http:\/\/durnezadv.be\/fr\/wp-json\/wp\/v2\/users\/5"}],"replies":[{"embeddable":true,"href":"http:\/\/durnezadv.be\/fr\/wp-json\/wp\/v2\/comments?post=4056"}],"version-history":[{"count":3,"href":"http:\/\/durnezadv.be\/fr\/wp-json\/wp\/v2\/pages\/4056\/revisions"}],"predecessor-version":[{"id":4059,"href":"http:\/\/durnezadv.be\/fr\/wp-json\/wp\/v2\/pages\/4056\/revisions\/4059"}],"up":[{"embeddable":true,"href":"http:\/\/durnezadv.be\/fr\/wp-json\/wp\/v2\/pages\/4013"}],"wp:attachment":[{"href":"http:\/\/durnezadv.be\/fr\/wp-json\/wp\/v2\/media?parent=4056"}],"curies":[{"name":"wp","href":"https:\/\/api.w.org\/{rel}","templated":true}]}}